{"id":1349,"date":"2022-01-04T03:38:39","date_gmt":"2022-01-04T08:38:39","guid":{"rendered":"https:\/\/smartcentre.joeyai.app\/?page_id=1349"},"modified":"2022-08-30T10:18:26","modified_gmt":"2022-08-30T14:18:26","slug":"accueil","status":"publish","type":"page","link":"https:\/\/smartcentre.joeyai.app\/fr\/","title":{"rendered":"Accueil"},"content":{"rendered":"<div class=\"wrapper\">\n<div class=\"row mt-1 mt-sm-4\">\n<div class=\"col-md-6\">\n<h1 class=\"big-txt mt-0 ultra text-uppercase\">Des centres<br \/>\ncommerciaux<br \/>\naux centres<br \/>\nurbains<span class=\"dot\">.<\/span><\/h1>\n<\/div>\n<div class=\"col-md-6 mt-3 mt-md-0\">\n<p>Notre vision fondatrice est simple : permettre aux Canadiens et Canadiennes d\u2019avoir acc\u00e8s \u00e0 des produits de qualit\u00e9 \u00e0 des prix abordables pr\u00e8s de chez eux. Les besoins des Canadiens et Canadiennes ont \u00e9volu\u00e9, tout comme notre vision. Nous transformons nos centres commerciaux en centres urbains, \u00e9tablissant des plans directeurs holistiques pour chaque propri\u00e9t\u00e9 de notre portefeuille.<\/p>\n<p><a class=\"button text-uppercase\" href=\"https:\/\/smartcentre.joeyai.app\/fr\/a-propos-de-nous\/\">En apprendre plus<\/a><\/p>\n<\/div>\n<\/div>\n<\/div>\n<div class=\"mt-5 pt-sm-4 info-txt\">\n<div class=\"info-row\">\n<div class=\"a1\">APPARTEMENTS<\/div>\n<div class=\"a1 \">CONDOS<\/div>\n<\/div>\n<div class=\"info-row\">\n<div class=\"a2\">MAISONS EN RANG\u00c9E<\/div>\n<div class=\"a2\">H\u00d4TELS<\/div>\n<div class=\"a2\">COMMERCES DE D\u00c9TAIL<\/div>\n<div class=\"a2\">BUREAUX<\/div>\n<\/div>\n<div class=\"info-row\">\n<div class=\"a3\">ENTREP\u00d4TS PERSONNELS<\/div>\n<div class=\"a3\">R\u00c9SIDENCES POUR PERSONNES \u00c2G\u00c9ES<\/div>\n<\/div>\n<div class=\"info-row\">\n<div class=\"a4\">TERRAINS INDUSTRIELS \u00c0 VENDRE<\/div>\n<\/div>\n<\/div>\n<div> <div class=\"features-section\">\r\n    <div class=\"row g-0\">\r\n            <a  href=\"https:\/\/smartcentre.joeyai.app\/fr\/la-location\/\" class=\"col-sm-6 col-lg-3 box d-flex align-items-end\" style=\"background-image: url('https:\/\/smartcentre.joeyai.app\/wp-content\/themes\/smartcentres\/img\/home\/leasing-placeholder.jpg);\">\r\n        <div class=\"video-wrapper\"><video autoplay=\"autoplay\" muted=\"\" width=\"300\" height=\"150\" loop=\"1\"><source type=\"video\/mp4\" src=\"https:\/\/smartcentre.joeyai.app\/wp-content\/themes\/smartcentres\/media\/LOOP_LEASE.mp4\"><\/video><\/div>\r\n        <div>\r\n          <h4>Locations<\/h4>\r\n          <p>Opportunit\u00e9s<\/p>\r\n        <\/div>\r\n      <\/a>\r\n            <a target='_blank' href=\"http:\/\/smartliving.ca\/\" class=\"col-sm-6 col-lg-3 box d-flex align-items-end\" style=\"background-image: url('https:\/\/smartcentre.joeyai.app\/wp-content\/themes\/smartcentres\/img\/home\/smart-living-placeholder.jpg);\">\r\n        <div class=\"video-wrapper\"><video autoplay=\"autoplay\" muted=\"\" width=\"300\" height=\"150\" loop=\"1\"><source type=\"video\/mp4\" src=\"https:\/\/smartcentre.joeyai.app\/wp-content\/themes\/smartcentres\/media\/LOOP_LIVING.mp4\"><\/video><\/div>\r\n        <div>\r\n          <h4>Smartliving<\/h4>\r\n          <p>Maisons<\/p>\r\n        <\/div>\r\n      <\/a>\r\n            <a  href=\"https:\/\/smartcentre.joeyai.app\/fr\/developpement\/\" class=\"col-sm-6 col-lg-3 box d-flex align-items-end\" style=\"background-image: url('https:\/\/smartcentre.joeyai.app\/wp-content\/themes\/smartcentres\/img\/home\/developments-placeholder.jpg);\">\r\n        <div class=\"video-wrapper\"><video autoplay=\"autoplay\" muted=\"\" width=\"300\" height=\"150\" loop=\"1\"><source type=\"video\/mp4\" src=\"https:\/\/smartcentre.joeyai.app\/wp-content\/themes\/smartcentres\/media\/LOOP_DEVELOPMENT.mp4\"><\/video><\/div>\r\n        <div>\r\n          <h4>Projets r\u00e9sidentiels<\/h4>\r\n          <p>en cours<\/p>\r\n        <\/div>\r\n      <\/a>\r\n            <a  href=\"https:\/\/smartcentre.joeyai.app\/fr\/investors\/\" class=\"col-sm-6 col-lg-3 box d-flex align-items-end\" style=\"background-image: url('https:\/\/smartcentre.joeyai.app\/wp-content\/themes\/smartcentres\/img\/home\/investing-placeholder.jpg);\">\r\n        <div class=\"video-wrapper\"><video autoplay=\"autoplay\" muted=\"\" width=\"300\" height=\"150\" loop=\"1\"><source type=\"video\/mp4\" src=\"https:\/\/smartcentre.joeyai.app\/wp-content\/themes\/smartcentres\/media\/LOOP_INVEST.mp4\"><\/video><\/div>\r\n        <div>\r\n          <h4>Investir<\/h4>\r\n          <p>dans les SMARTCENTRES<\/p>\r\n        <\/div>\r\n      <\/a>\r\n          <\/div>\r\n<\/div>\r\n<\/div>\n<div><div class=\"info-section\">\r\n    <div class=\"wrapper\">\r\n      <img decoding=\"async\" class=\"info-logo\" src=\"https:\/\/smartcentre.joeyai.app\/wp-content\/themes\/smartcentres\/img\/logo-circle.svg\" alt=\"Circle Logo\" \/>\u00a0\r\n        <div class=\"owl-carousel owl-theme info-slider text-uppercase\">\r\n                    <div class=\"item\">\r\n            <div class=\"row justify-content-center\">\r\n              <div class=\"col-auto\">\r\n                <div class=\"title mb-0\"> <span class=\"number_count\" data-number=\"11.3\">11.3<\/span> G$              <\/div>\r\n              <\/div>\r\n              <div class=\"col-auto d-flex align-items-end\">\r\n                <div class=\"pb-4\"><img decoding=\"async\" class=\"mb-1\" style=\"max-width: 115px;\" src=\"https:\/\/smartcentre.joeyai.app\/wp-content\/uploads\/2022\/03\/assets.svg\" alt=\"Properties\" \/> EN ACTIFS<\/div>\r\n              <\/div>\r\n            <\/div>\r\n          <\/div><!-- .item -->\r\n                    <div class=\"item\">\r\n            <div class=\"row justify-content-center\">\r\n              <div class=\"col-auto\">\r\n                <div class=\"title mb-0\"> <span class=\"number_count\" data-number=\"3500\">3500<\/span>               <\/div>\r\n              <\/div>\r\n              <div class=\"col-auto d-flex align-items-end\">\r\n                <div class=\"pb-4\"><img decoding=\"async\" class=\"mb-1\" style=\"max-width: 115px;\" src=\"https:\/\/smartcentre.joeyai.app\/wp-content\/uploads\/2022\/03\/acres.svg\" alt=\"Properties\" \/> ACRES DE TERRAIN<\/div>\r\n              <\/div>\r\n            <\/div>\r\n          <\/div><!-- .item -->\r\n                    <div class=\"item\">\r\n            <div class=\"row justify-content-center\">\r\n              <div class=\"col-auto\">\r\n                <div class=\"title mb-0\"> <span class=\"number_count\" data-number=\"34\">34<\/span> M  PI<sup>2<\/sup>              <\/div>\r\n              <\/div>\r\n              <div class=\"col-auto d-flex align-items-end\">\r\n                <div class=\"pb-4\"><img decoding=\"async\" class=\"mb-1\" style=\"max-width: 115px;\" src=\"https:\/\/smartcentre.joeyai.app\/wp-content\/uploads\/2022\/03\/sqft.svg\" alt=\"Properties\" \/> D\u2019ESPACE LOCATIF<\/div>\r\n              <\/div>\r\n            <\/div>\r\n          <\/div><!-- .item -->\r\n                    <div class=\"item\">\r\n            <div class=\"row justify-content-center\">\r\n              <div class=\"col-auto\">\r\n                <div class=\"title mb-0\"> <span class=\"number_count\" data-number=\"97.6\">97.6<\/span> %              <\/div>\r\n              <\/div>\r\n              <div class=\"col-auto d-flex align-items-end\">\r\n                <div class=\"pb-4\"><img decoding=\"async\" class=\"mb-1\" style=\"max-width: 115px;\" src=\"https:\/\/smartcentre.joeyai.app\/wp-content\/uploads\/2022\/03\/people.svg\" alt=\"Properties\" \/> TAUX D\u2019OCCUPATION DE<\/div>\r\n              <\/div>\r\n            <\/div>\r\n          <\/div><!-- .item -->\r\n                  <\/div>\r\n    <\/div>\r\n<\/div>\r\n<\/div>\n<div class=\"my-5 py-3  d-none d-sm-block\"><\/div>\n<div class=\"wrapper mt-5 pt-4 pt-md-5 \">\n<h2 class=\"pb-1 text-uppercase\">Quoi de neuf a<br \/>\nSmartCentres<span class=\"dot\">.<\/span><\/h2>\n<\/div>\n","protected":false},"excerpt":{"rendered":"<p>Des centres commerciaux aux centres urbains. Notre vision fondatrice est simple : permettre aux Canadiens [&hellip;]<\/p>\n","protected":false},"author":1,"featured_media":0,"parent":0,"menu_order":0,"comment_status":"closed","ping_status":"closed","template":"templates\/template-home.php","meta":{"footnotes":""},"class_list":["post-1349","page","type-page","status-publish","hentry"],"yoast_head":"<!-- This site is optimized with the Yoast SEO plugin v25.0 - https:\/\/yoast.com\/wordpress\/plugins\/seo\/ -->\r\n<title>Accueil - Smart Centres<\/title>\r\n<meta name=\"robots\" content=\"index, follow, max-snippet:-1, max-image-preview:large, max-video-preview:-1\" \/>\r\n<link rel=\"canonical\" href=\"https:\/\/smartcentre.joeyai.app\/\" \/>\r\n<meta property=\"og:locale\" content=\"fr_FR\" \/>\r\n<meta property=\"og:type\" content=\"article\" \/>\r\n<meta property=\"og:title\" content=\"Accueil - Smart Centres\" \/>\r\n<meta property=\"og:description\" content=\"Des centres commerciaux aux centres urbains. Notre vision fondatrice est simple : permettre aux Canadiens [&hellip;]\" \/>\r\n<meta property=\"og:url\" content=\"https:\/\/smartcentre.joeyai.app\/\" \/>\r\n<meta property=\"og:site_name\" content=\"Smart Centres\" \/>\r\n<meta property=\"article:modified_time\" content=\"2022-08-30T14:18:26+00:00\" \/>\r\n<meta name=\"twitter:card\" content=\"summary_large_image\" \/>\r\n<meta name=\"twitter:label1\" content=\"Dur\u00e9e de lecture estim\u00e9e\" \/>\n\t<meta name=\"twitter:data1\" content=\"1 minute\" \/>\r\n<script type=\"application\/ld+json\" class=\"yoast-schema-graph\">{\"@context\":\"https:\/\/schema.org\",\"@graph\":[{\"@type\":\"WebPage\",\"@id\":\"https:\/\/smartcentre.joeyai.app\/\",\"url\":\"https:\/\/smartcentre.joeyai.app\/\",\"name\":\"Accueil - Smart Centres\",\"isPartOf\":{\"@id\":\"https:\/\/smartcentre.joeyai.app\/#website\"},\"datePublished\":\"2022-01-04T08:38:39+00:00\",\"dateModified\":\"2022-08-30T14:18:26+00:00\",\"breadcrumb\":{\"@id\":\"https:\/\/smartcentre.joeyai.app\/#breadcrumb\"},\"inLanguage\":\"fr-FR\",\"potentialAction\":[{\"@type\":\"ReadAction\",\"target\":[\"https:\/\/smartcentre.joeyai.app\/\"]}]},{\"@type\":\"BreadcrumbList\",\"@id\":\"https:\/\/smartcentre.joeyai.app\/#breadcrumb\",\"itemListElement\":[{\"@type\":\"ListItem\",\"position\":1,\"name\":\"Home\",\"item\":\"https:\/\/smartcentre.joeyai.app\/\"},{\"@type\":\"ListItem\",\"position\":2,\"name\":\"Accueil\"}]},{\"@type\":\"WebSite\",\"@id\":\"https:\/\/smartcentre.joeyai.app\/#website\",\"url\":\"https:\/\/smartcentre.joeyai.app\/\",\"name\":\"Smart Centres\",\"description\":\"Real Estate Investment Trust\",\"potentialAction\":[{\"@type\":\"SearchAction\",\"target\":{\"@type\":\"EntryPoint\",\"urlTemplate\":\"https:\/\/smartcentre.joeyai.app\/?s={search_term_string}\"},\"query-input\":{\"@type\":\"PropertyValueSpecification\",\"valueRequired\":true,\"valueName\":\"search_term_string\"}}],\"inLanguage\":\"fr-FR\"}]}<\/script>\r\n<!-- \/ Yoast SEO plugin. -->","yoast_head_json":{"title":"Accueil - Smart Centres","robots":{"index":"index","follow":"follow","max-snippet":"max-snippet:-1","max-image-preview":"max-image-preview:large","max-video-preview":"max-video-preview:-1"},"canonical":"https:\/\/smartcentre.joeyai.app\/","og_locale":"fr_FR","og_type":"article","og_title":"Accueil - Smart Centres","og_description":"Des centres commerciaux aux centres urbains. Notre vision fondatrice est simple : permettre aux Canadiens [&hellip;]","og_url":"https:\/\/smartcentre.joeyai.app\/","og_site_name":"Smart Centres","article_modified_time":"2022-08-30T14:18:26+00:00","twitter_card":"summary_large_image","twitter_misc":{"Dur\u00e9e de lecture estim\u00e9e":"1 minute"},"schema":{"@context":"https:\/\/schema.org","@graph":[{"@type":"WebPage","@id":"https:\/\/smartcentre.joeyai.app\/","url":"https:\/\/smartcentre.joeyai.app\/","name":"Accueil - Smart Centres","isPartOf":{"@id":"https:\/\/smartcentre.joeyai.app\/#website"},"datePublished":"2022-01-04T08:38:39+00:00","dateModified":"2022-08-30T14:18:26+00:00","breadcrumb":{"@id":"https:\/\/smartcentre.joeyai.app\/#breadcrumb"},"inLanguage":"fr-FR","potentialAction":[{"@type":"ReadAction","target":["https:\/\/smartcentre.joeyai.app\/"]}]},{"@type":"BreadcrumbList","@id":"https:\/\/smartcentre.joeyai.app\/#breadcrumb","itemListElement":[{"@type":"ListItem","position":1,"name":"Home","item":"https:\/\/smartcentre.joeyai.app\/"},{"@type":"ListItem","position":2,"name":"Accueil"}]},{"@type":"WebSite","@id":"https:\/\/smartcentre.joeyai.app\/#website","url":"https:\/\/smartcentre.joeyai.app\/","name":"Smart Centres","description":"Real Estate Investment Trust","potentialAction":[{"@type":"SearchAction","target":{"@type":"EntryPoint","urlTemplate":"https:\/\/smartcentre.joeyai.app\/?s={search_term_string}"},"query-input":{"@type":"PropertyValueSpecification","valueRequired":true,"valueName":"search_term_string"}}],"inLanguage":"fr-FR"}]}},"_links":{"self":[{"href":"https:\/\/smartcentre.joeyai.app\/fr\/wp-json\/wp\/v2\/pages\/1349","targetHints":{"allow":["GET"]}}],"collection":[{"href":"https:\/\/smartcentre.joeyai.app\/fr\/wp-json\/wp\/v2\/pages"}],"about":[{"href":"https:\/\/smartcentre.joeyai.app\/fr\/wp-json\/wp\/v2\/types\/page"}],"author":[{"embeddable":true,"href":"https:\/\/smartcentre.joeyai.app\/fr\/wp-json\/wp\/v2\/users\/1"}],"replies":[{"embeddable":true,"href":"https:\/\/smartcentre.joeyai.app\/fr\/wp-json\/wp\/v2\/comments?post=1349"}],"version-history":[{"count":1,"href":"https:\/\/smartcentre.joeyai.app\/fr\/wp-json\/wp\/v2\/pages\/1349\/revisions"}],"predecessor-version":[{"id":18240,"href":"https:\/\/smartcentre.joeyai.app\/fr\/wp-json\/wp\/v2\/pages\/1349\/revisions\/18240"}],"wp:attachment":[{"href":"https:\/\/smartcentre.joeyai.app\/fr\/wp-json\/wp\/v2\/media?parent=1349"}],"curies":[{"name":"wp","href":"https:\/\/api.w.org\/{rel}","templated":true}]}}