{"id":1406,"date":"2022-01-04T04:55:51","date_gmt":"2022-01-04T09:55:51","guid":{"rendered":"https:\/\/smartcentre.joeyai.app\/?page_id=1406"},"modified":"2022-08-30T12:40:14","modified_gmt":"2022-08-30T16:40:14","slug":"la-location","status":"publish","type":"page","link":"https:\/\/smartcentre.joeyai.app\/fr\/la-location\/","title":{"rendered":"la location"},"content":{"rendered":"<div class=\"wrapper\">\n<h1 class=\"big-txt pb-4 ultra text-uppercase\">Soyez l\u00e0 o\u00f9 sont les Canadiens et Canadiennes<span class=\"dot\">.<\/span><\/h1>\n<div class=\"row mb-4\">\n<div class=\"col-md-11\">\n<p>SmartCentres dispose d\u2019un r\u00e9seau complet de propri\u00e9t\u00e9s dans toutes les grandes villes du Canada. Laissez-nous aider votre entreprise \u00e0 cro\u00eetre en vous pla\u00e7ant au c\u0153ur de ces communaut\u00e9s florissantes o\u00f9 les Canadiens et Canadiennes ach\u00e8tent, vivent et travaillent.<\/p>\n<\/div>\n<\/div>\n<p><a class=\"button me-md-3 mb-3 text-uppercase\" href=\"https:\/\/smartcentre.joeyai.app\/fr\/la-location\/opportunites-de-location\/\">OPPORTUNIT\u00c9S DE LOCATION<\/a> <a class=\"button me-md-3 mb-3 text-uppercase\" href=\"https:\/\/smartcentre.joeyai.app\/fr\/la-location\/contact-location-commerciale\/\">CONTACT\u2013LOCATION COMMERCIALE<\/a><\/p>\n<div class=\"default-ticker mt-5 pb-3 \">\n<div><img decoding=\"async\" src=\"https:\/\/smartcentre.joeyai.app\/wp-content\/themes\/smartcentres\/img\/logos\/walmart.svg\" alt=\"walmart\"><\/div>\n<div><img decoding=\"async\" src=\"https:\/\/smartcentre.joeyai.app\/wp-content\/themes\/smartcentres\/img\/logos\/bestbuy.svg\" alt=\"bestbuy\"><\/div>\n<div><img decoding=\"async\" src=\"https:\/\/smartcentre.joeyai.app\/wp-content\/themes\/smartcentres\/img\/logos\/bmo.svg\" alt=\"BMO\"><\/div>\n<div><img decoding=\"async\" src=\"https:\/\/smartcentre.joeyai.app\/wp-content\/themes\/smartcentres\/img\/logos\/winners.svg\" alt=\"winners\"><\/div>\n<div><img decoding=\"async\" src=\"https:\/\/smartcentre.joeyai.app\/wp-content\/themes\/smartcentres\/img\/logos\/sportchek.svg\" alt=\"sportchek\"><\/div>\n<div><img decoding=\"async\" src=\"https:\/\/smartcentre.joeyai.app\/wp-content\/themes\/smartcentres\/img\/logos\/sobeys.svg\" alt=\"sobeys\"><\/div>\n<div><img decoding=\"async\" src=\"https:\/\/smartcentre.joeyai.app\/wp-content\/themes\/smartcentres\/img\/logos\/starbucks.svg\" alt=\"starbucks\"><\/div>\n<div><img decoding=\"async\" src=\"https:\/\/smartcentre.joeyai.app\/wp-content\/themes\/smartcentres\/img\/logos\/shoppers-drug.svg\" alt=\"shoppers drug\"><\/div>\n<div><img decoding=\"async\" src=\"https:\/\/smartcentre.joeyai.app\/wp-content\/themes\/smartcentres\/img\/logos\/rbc.svg\" alt=\"RBC\"><\/div>\n<div><img decoding=\"async\" src=\"https:\/\/smartcentre.joeyai.app\/wp-content\/themes\/smartcentres\/img\/logos\/roots.svg\" alt=\"ROOTS\"><\/div>\n<div><img decoding=\"async\" src=\"https:\/\/smartcentre.joeyai.app\/wp-content\/themes\/smartcentres\/img\/logos\/LCBO.svg\" alt=\"LCBO\"><\/div>\n<div><img decoding=\"async\" src=\"https:\/\/smartcentre.joeyai.app\/wp-content\/themes\/smartcentres\/img\/logos\/sleepcountry.svg\" alt=\"sleep country\"><\/div>\n<\/div>\n<\/div>\n<script type=\"text\/javascript\">\n  var ajaxURL = \"https:\/\/smartcentre.joeyai.app\/wp-admin\/admin-ajax.php\";\n<\/script>\n<script>\n  var loadJS = function(url,implementationCode,  location){\n      var scriptTag = document.createElement('script');\n      scriptTag.src = url;\n      scriptTag.onload = implementationCode;\n       scriptTag.onreadystatechange = implementationCode;\n      location.appendChild(scriptTag);\n  };\n\n  var yourCodeToBeCalled = function(){\n    loadJS('https:\/\/cdnjs.cloudflare.com\/ajax\/libs\/Turf.js\/6.5.0\/turf.min.js', hum, document.body);\n    loadJS('https:\/\/streetscapeplus.com\/js\/map\/streetscape-map.js', hum, document.body);\n      }\n  var hum = function(){\n\n  }\n  function loadMapFunctions(){\n    $(\".map-frame\").hover(function(){\n      $(this).addClass(\"hover\");\n    },function(){\n      $(this).removeClass(\"hover\");\n    })\n\n    $(\".map-frame\").click(function(){\n      $(this).addClass(\"active\");\n    })\n\n    var maximumSF = 100000;\n    function setSliderRange(min,max){\n      $( \"#sf_max\" ).html(max);\n      $(\"#sf_min\").html(min);\n      if(max == maximumSF) max = min =\"\";\n      $( \"#min_size_search\").val(min);\n      $( \"#max_size_search\").val(max);\n    }\n\n    $( \".slider-range\" ).slider({\n        range: true,\n        min: 0,\n        max:maximumSF,\n\t\t    step: 500,\n        values: [ 0,maximumSF ],\n        slide: function( event, ui ) {\n          setSliderRange(ui.values[0], ui.values[1]);\n        }\n    });\n      \/\/ $( \"#amount\" ).val( \"$\" + $( \"#slider-range\" ).slider( \"values\", 0 ) + \" - $\" + $( \"#slider-range\" ).slider( \"values\", 1 ) )\n\n    setSliderRange($( \"#slider-range\" ).slider(\"values\", 0), $( \"#slider-range\" ).slider(\"values\", 1));\n\n  }\n  $(function(){\n\n        $.ajax({\n      type : \"GET\",\n      dataType : \"text\",\n      url : ajaxURL,\n      data : {action: \"get_leasing_map\",atts:[], search:\"\", property_type:\"\", property_city:\"\", property_province:\"\", min_size_search:\"\", max_size_search:\"\", only_available:\"\", only_build_opportunity:\"\"},\n      success: function(response) {\n        $(\".load-map\").html(response);\n        loadJS('https:\/\/api.mapbox.com\/mapbox-gl-js\/v2.5.1\/mapbox-gl.js',yourCodeToBeCalled, document.body);\n        loadMapFunctions();\n              }\n    });\n  })\n\n\n\n<\/script>\n\n<div class=\"load-map\">\n    <div class=\"p-5 text-center\">\n        <img decoding=\"async\" src=\"https:\/\/smartcentre.joeyai.app\/wp-content\/themes\/smartcentres\/img\/loader.gif\" width=\"80\" alt=\"map loader\">\n    <\/div>\n<\/div>\n<link href='https:\/\/api.mapbox.com\/mapbox-gl-js\/v2.5.1\/mapbox-gl.css' rel='stylesheet'\/>\n<div class=\"wrapper\">\n<h2 class=\"pt-sm-5 my-5 text-uppercase\">Ce qui nous distingue<span class=\"dot\">.<\/span><\/h2>\n<div class=\"row set-apart\">\n<div class=\"col-md-6 bx pe-lg-5\">\n<h6>STRAT\u00c9GIQUEMENT SITU\u00c9ES<\/h6>\n<p class=\"pe-md-5\">Nos 174 propri\u00e9t\u00e9s sont strat\u00e9giquement situ\u00e9es \u00e0 l\u2019intersection d\u2019importantes voies de circulation dans toutes les provinces canadiennes.<\/p>\n<\/div>\n<div class=\"col-md-6 bx pe-lg-5\">\n<h6>EMPLACEMENTS O\u00d9 L\u2019ACHALANDAGE EST \u00c9LEV\u00c9<\/h6>\n<p class=\"pe-md-5\">Avec Walmart comme magasin pivot dans 70 % de notre portefeuille et la pr\u00e9sence d\u2019autres d\u00e9taillants nationaux, nos propri\u00e9t\u00e9s b\u00e9n\u00e9ficient d\u2019un achalandage \u00e9lev\u00e9 et d\u2019une solide vari\u00e9t\u00e9 de locataires.<\/p>\n<\/div>\n<div class=\"col-md-6 bx pe-lg-5\">\n<h6>MAGASINAGE CENTRALIS\u00c9<\/h6>\n<p class=\"pe-md-5\">Nous concevons nos propri\u00e9t\u00e9s afin que les Canadiens et Canadiennes puissent acc\u00e9der \u00e0 tout ce dont ils ont besoin en un seul endroit, pr\u00e8s de chez eux.<\/p>\n<\/div>\n<div class=\"col-md-6 bx pe-lg-5\">\n<h6>SOLUTIONS ADAPT\u00c9ES<\/h6>\n<p class=\"pe-md-5\">Nous travaillons avec chacun de nos locataires pour leur recommander les propri\u00e9t\u00e9s les mieux adapt\u00e9es \u00e0 leurs besoins particuliers en tenant compte de tous les aspects, de l\u2019emplacement \u00e0 la d\u00e9mographie de la r\u00e9gion.<\/p>\n<\/div>\n<\/div>\n<\/div>\n","protected":false},"excerpt":{"rendered":"<p>Soyez l\u00e0 o\u00f9 sont les Canadiens et Canadiennes. SmartCentres dispose d\u2019un r\u00e9seau complet de propri\u00e9t\u00e9s [&hellip;]<\/p>\n","protected":false},"author":1,"featured_media":0,"parent":0,"menu_order":0,"comment_status":"closed","ping_status":"closed","template":"templates\/template-leasing.php","meta":{"footnotes":""},"class_list":["post-1406","page","type-page","status-publish","hentry"],"yoast_head":"<!-- This site is optimized with the Yoast SEO plugin v25.0 - https:\/\/yoast.com\/wordpress\/plugins\/seo\/ -->\r\n<title>la location - Smart Centres<\/title>\r\n<meta name=\"robots\" content=\"index, follow, max-snippet:-1, max-image-preview:large, max-video-preview:-1\" \/>\r\n<link rel=\"canonical\" href=\"https:\/\/smartcentre.joeyai.app\/leasing\/\" \/>\r\n<meta property=\"og:locale\" content=\"fr_FR\" \/>\r\n<meta property=\"og:type\" content=\"article\" \/>\r\n<meta property=\"og:title\" content=\"la location - Smart Centres\" \/>\r\n<meta property=\"og:description\" content=\"Soyez l\u00e0 o\u00f9 sont les Canadiens et Canadiennes. SmartCentres dispose d\u2019un r\u00e9seau complet de propri\u00e9t\u00e9s [&hellip;]\" \/>\r\n<meta property=\"og:url\" content=\"https:\/\/smartcentre.joeyai.app\/leasing\/\" \/>\r\n<meta property=\"og:site_name\" content=\"Smart Centres\" \/>\r\n<meta property=\"article:modified_time\" content=\"2022-08-30T16:40:14+00:00\" \/>\r\n<meta property=\"og:image\" content=\"https:\/\/smartcentre.joeyai.app\/wp-content\/themes\/smartcentres\/img\/logos\/walmart.svg\" \/>\r\n<meta name=\"twitter:card\" content=\"summary_large_image\" \/>\r\n<meta name=\"twitter:label1\" content=\"Dur\u00e9e de lecture estim\u00e9e\" \/>\n\t<meta name=\"twitter:data1\" content=\"1 minute\" \/>\r\n<script type=\"application\/ld+json\" class=\"yoast-schema-graph\">{\"@context\":\"https:\/\/schema.org\",\"@graph\":[{\"@type\":\"WebPage\",\"@id\":\"https:\/\/smartcentre.joeyai.app\/leasing\/\",\"url\":\"https:\/\/smartcentre.joeyai.app\/leasing\/\",\"name\":\"la location - Smart Centres\",\"isPartOf\":{\"@id\":\"https:\/\/smartcentre.joeyai.app\/#website\"},\"primaryImageOfPage\":{\"@id\":\"https:\/\/smartcentre.joeyai.app\/leasing\/#primaryimage\"},\"image\":{\"@id\":\"https:\/\/smartcentre.joeyai.app\/leasing\/#primaryimage\"},\"thumbnailUrl\":\"https:\/\/smartcentre.joeyai.app\/wp-content\/themes\/smartcentres\/img\/logos\/walmart.svg\",\"datePublished\":\"2022-01-04T09:55:51+00:00\",\"dateModified\":\"2022-08-30T16:40:14+00:00\",\"breadcrumb\":{\"@id\":\"https:\/\/smartcentre.joeyai.app\/leasing\/#breadcrumb\"},\"inLanguage\":\"fr-FR\",\"potentialAction\":[{\"@type\":\"ReadAction\",\"target\":[\"https:\/\/smartcentre.joeyai.app\/leasing\/\"]}]},{\"@type\":\"ImageObject\",\"inLanguage\":\"fr-FR\",\"@id\":\"https:\/\/smartcentre.joeyai.app\/leasing\/#primaryimage\",\"url\":\"https:\/\/smartcentre.joeyai.app\/wp-content\/themes\/smartcentres\/img\/logos\/walmart.svg\",\"contentUrl\":\"https:\/\/smartcentre.joeyai.app\/wp-content\/themes\/smartcentres\/img\/logos\/walmart.svg\"},{\"@type\":\"BreadcrumbList\",\"@id\":\"https:\/\/smartcentre.joeyai.app\/leasing\/#breadcrumb\",\"itemListElement\":[{\"@type\":\"ListItem\",\"position\":1,\"name\":\"Home\",\"item\":\"https:\/\/smartcentre.joeyai.app\/\"},{\"@type\":\"ListItem\",\"position\":2,\"name\":\"la location\"}]},{\"@type\":\"WebSite\",\"@id\":\"https:\/\/smartcentre.joeyai.app\/#website\",\"url\":\"https:\/\/smartcentre.joeyai.app\/\",\"name\":\"Smart Centres\",\"description\":\"Real Estate Investment Trust\",\"potentialAction\":[{\"@type\":\"SearchAction\",\"target\":{\"@type\":\"EntryPoint\",\"urlTemplate\":\"https:\/\/smartcentre.joeyai.app\/?s={search_term_string}\"},\"query-input\":{\"@type\":\"PropertyValueSpecification\",\"valueRequired\":true,\"valueName\":\"search_term_string\"}}],\"inLanguage\":\"fr-FR\"}]}<\/script>\r\n<!-- \/ Yoast SEO plugin. -->","yoast_head_json":{"title":"la location - Smart Centres","robots":{"index":"index","follow":"follow","max-snippet":"max-snippet:-1","max-image-preview":"max-image-preview:large","max-video-preview":"max-video-preview:-1"},"canonical":"https:\/\/smartcentre.joeyai.app\/leasing\/","og_locale":"fr_FR","og_type":"article","og_title":"la location - Smart Centres","og_description":"Soyez l\u00e0 o\u00f9 sont les Canadiens et Canadiennes. SmartCentres dispose d\u2019un r\u00e9seau complet de propri\u00e9t\u00e9s [&hellip;]","og_url":"https:\/\/smartcentre.joeyai.app\/leasing\/","og_site_name":"Smart Centres","article_modified_time":"2022-08-30T16:40:14+00:00","og_image":[{"url":"https:\/\/smartcentre.joeyai.app\/wp-content\/themes\/smartcentres\/img\/logos\/walmart.svg","type":"","width":"","height":""}],"twitter_card":"summary_large_image","twitter_misc":{"Dur\u00e9e de lecture estim\u00e9e":"1 minute"},"schema":{"@context":"https:\/\/schema.org","@graph":[{"@type":"WebPage","@id":"https:\/\/smartcentre.joeyai.app\/leasing\/","url":"https:\/\/smartcentre.joeyai.app\/leasing\/","name":"la location - Smart Centres","isPartOf":{"@id":"https:\/\/smartcentre.joeyai.app\/#website"},"primaryImageOfPage":{"@id":"https:\/\/smartcentre.joeyai.app\/leasing\/#primaryimage"},"image":{"@id":"https:\/\/smartcentre.joeyai.app\/leasing\/#primaryimage"},"thumbnailUrl":"https:\/\/smartcentre.joeyai.app\/wp-content\/themes\/smartcentres\/img\/logos\/walmart.svg","datePublished":"2022-01-04T09:55:51+00:00","dateModified":"2022-08-30T16:40:14+00:00","breadcrumb":{"@id":"https:\/\/smartcentre.joeyai.app\/leasing\/#breadcrumb"},"inLanguage":"fr-FR","potentialAction":[{"@type":"ReadAction","target":["https:\/\/smartcentre.joeyai.app\/leasing\/"]}]},{"@type":"ImageObject","inLanguage":"fr-FR","@id":"https:\/\/smartcentre.joeyai.app\/leasing\/#primaryimage","url":"https:\/\/smartcentre.joeyai.app\/wp-content\/themes\/smartcentres\/img\/logos\/walmart.svg","contentUrl":"https:\/\/smartcentre.joeyai.app\/wp-content\/themes\/smartcentres\/img\/logos\/walmart.svg"},{"@type":"BreadcrumbList","@id":"https:\/\/smartcentre.joeyai.app\/leasing\/#breadcrumb","itemListElement":[{"@type":"ListItem","position":1,"name":"Home","item":"https:\/\/smartcentre.joeyai.app\/"},{"@type":"ListItem","position":2,"name":"la location"}]},{"@type":"WebSite","@id":"https:\/\/smartcentre.joeyai.app\/#website","url":"https:\/\/smartcentre.joeyai.app\/","name":"Smart Centres","description":"Real Estate Investment Trust","potentialAction":[{"@type":"SearchAction","target":{"@type":"EntryPoint","urlTemplate":"https:\/\/smartcentre.joeyai.app\/?s={search_term_string}"},"query-input":{"@type":"PropertyValueSpecification","valueRequired":true,"valueName":"search_term_string"}}],"inLanguage":"fr-FR"}]}},"_links":{"self":[{"href":"https:\/\/smartcentre.joeyai.app\/fr\/wp-json\/wp\/v2\/pages\/1406","targetHints":{"allow":["GET"]}}],"collection":[{"href":"https:\/\/smartcentre.joeyai.app\/fr\/wp-json\/wp\/v2\/pages"}],"about":[{"href":"https:\/\/smartcentre.joeyai.app\/fr\/wp-json\/wp\/v2\/types\/page"}],"author":[{"embeddable":true,"href":"https:\/\/smartcentre.joeyai.app\/fr\/wp-json\/wp\/v2\/users\/1"}],"replies":[{"embeddable":true,"href":"https:\/\/smartcentre.joeyai.app\/fr\/wp-json\/wp\/v2\/comments?post=1406"}],"version-history":[{"count":1,"href":"https:\/\/smartcentre.joeyai.app\/fr\/wp-json\/wp\/v2\/pages\/1406\/revisions"}],"predecessor-version":[{"id":18222,"href":"https:\/\/smartcentre.joeyai.app\/fr\/wp-json\/wp\/v2\/pages\/1406\/revisions\/18222"}],"wp:attachment":[{"href":"https:\/\/smartcentre.joeyai.app\/fr\/wp-json\/wp\/v2\/media?parent=1406"}],"curies":[{"name":"wp","href":"https:\/\/api.w.org\/{rel}","templated":true}]}}