{"id":1421,"date":"2022-01-04T05:05:19","date_gmt":"2022-01-04T10:05:19","guid":{"rendered":"https:\/\/smartcentre.joeyai.app\/?page_id=1421"},"modified":"2022-08-28T23:28:22","modified_gmt":"2022-08-29T03:28:22","slug":"developpement","status":"publish","type":"page","link":"https:\/\/smartcentre.joeyai.app\/fr\/developpement\/","title":{"rendered":"D\u00e9veloppement"},"content":{"rendered":"\n<div class=\"row g-0 transformation-section\">\n<div class=\"col content col-lg-12\">\n<div class=\"container\">\n<h2 class=\"wp-block-heading\" id=\"block-a30ed31b-8f68-4f13-9d78-838c813cbf3a\">THE SHAPE OF<br>THINGS TO COME<span class=\"dot\">.<\/span><\/h2>\n\n\n\n<p>95 PROPRI\u00c9T\u00c9S CIBL\u00c9ES POUR INTENSIFICATION.<\/p>\n\n\n\n<ul>\n<li style=\"animation-delay: 0.3s;\"><span class=\"ignore\">+15B <\/span>&nbsp;TRANSFORMATION PROGRAM<\/li>\n<li style=\"animation-delay: 0.45s;\"><span class=\"ignore\">58M SF<\/span> OF ADDITIONAL DENSITY<\/li>\n<li style=\"animation-delay: 0.6s;\"><span class=\"ignore\">29M SF<\/span>&nbsp;OF REDEVELOPMENT ACTIVE\/UNDERWAY<\/li>\n<li style=\"animation-delay: 0.75s;\"><span class=\"ignore\">283<\/span>&nbsp;INDIVIDUAL DEVELOPMENTS PROJECTS<\/li>\n<\/ul>\n<\/div>\n<\/div>\n<\/div>\n\n\n\n<div class=\"container\">\n<h2 class=\"mb-4 wp-block-heading\">BUILDING THE FUTURE<span class=\"dot\">.<\/span><\/h2>\n\n\n\n<p>SmartCentres has evolved to continue enhancing the lives of Canadians. We are now planning and developing master-planned communities for every property in our portfolio and <a href=\"http:\/\/smartliving.ca\/\" target=\"_blank\" rel=\"noreferrer noopener\">SmartLiving<\/a> has emerged as our wholly-owned residential sub-brand.<\/p>\n\n\n\n<p class=\"pb-4 pb-sm-5\">Using our in-house land development expertise, knowledge of the properties and the markets they serve, and strong relationships with local municipalities, we\u2019re transforming existing properties \u201c<strong>From Shopping Centres to City Centres<\/strong>\u201d.<\/p>\n<\/div>\n\n\n<div class=\"mt-5 pt-sm-4 info-txt\">\n<div class=\"info-row\">\n<div class=\"a1\">APPARTEMENTS<\/div>\n<div class=\"a1\">CONDOS<\/div>\n<\/div>\n<div class=\"info-row\">\n<div class=\"a2\">MAISONS EN RANG\u00c9E<\/div>\n<div class=\"a2\">H\u00d4TELS<\/div>\n<div class=\"a2\">COMMERCES DE D\u00c9TAIL<\/div>\n<div class=\"a2\">BUREAUX<\/div>\n<\/div>\n<div class=\"info-row\">\n<div class=\"a3\">ENTREP\u00d4TS PERSONNELS<\/div>\n<div class=\"a3\">R\u00c9SIDENCES POUR PERSONNES \u00c2G\u00c9ES<\/div>\n<\/div>\n<div class=\"info-row\">\n<div class=\"a4\">TERRAINS INDUSTRIELS \u00c0 VENDRE<\/div>\n<\/div>\n<\/div>\n\n\n<div class=\"container\">\n\n<\/div>\n\n\n\n<div class=\"container featured-developements mt-5 pt-md-3\">\n<h2 class=\"pb-4 pb-sm-5 text-uppercase wp-block-heading\">Projets immobiliers<span class=\"dot\">.<\/span><\/h2>\n\n\n\n<div class=\"row\">\n<div class=\"col col-sm-6 col-12\">\n<figure class=\"wp-block-image size-full w-100 mb-4\"><img loading=\"lazy\" decoding=\"async\" width=\"750\" height=\"450\" src=\"https:\/\/smartcentre.joeyai.app\/wp-content\/uploads\/2022\/05\/smartvmc.jpg\" alt=\"\" class=\"wp-image-17763\" srcset=\"https:\/\/smartcentre.joeyai.app\/wp-content\/uploads\/2022\/05\/smartvmc.jpg 750w, https:\/\/smartcentre.joeyai.app\/wp-content\/uploads\/2022\/05\/smartvmc-300x180.jpg 300w\" sizes=\"auto, (max-width: 750px) 100vw, 750px\" \/><\/figure>\n\n\n\n<h5 class=\"wp-block-heading\">SmartVMC<\/h5>\n\n\n\n<p>SmartVMC is an emerging world-class 100+ acre City Centre in the Vaughan Metropolitan Centre (VMC). Connected to Downtown Toronto by the onsite TTC University subway line, this master-planned community is Vaughan\u2019s newest metropolitan hub: a pedestrian-focused, dynamic epicentre of commerce, culture, recreation, and urban living, designed around a 9-acre central park.<\/p>\n\n\n\n<p><a class=\"btn btn-primary button mb-sm-2\" role=\"button\" href=\"https:\/\/smartcentre.joeyai.app\/property\/1465\/\">More<\/a> <a class=\"btn btn-primary button mb-sm-2\" role=\"button\" href=\"https:\/\/smartvmc.com\/\">VISIT WEBSITE<\/a><\/p>\n\n\n\n<p><\/p>\n<\/div>\n\n\n\n<div class=\"col col-sm-6 col-12\">\n<figure class=\"wp-block-image size-full w-100 mb-4\"><img loading=\"lazy\" decoding=\"async\" width=\"750\" height=\"450\" src=\"https:\/\/smartcentre.joeyai.app\/wp-content\/uploads\/2022\/05\/Vaughan_NW.jpg\" alt=\"\" class=\"wp-image-17765\" srcset=\"https:\/\/smartcentre.joeyai.app\/wp-content\/uploads\/2022\/05\/Vaughan_NW.jpg 750w, https:\/\/smartcentre.joeyai.app\/wp-content\/uploads\/2022\/05\/Vaughan_NW-300x180.jpg 300w\" sizes=\"auto, (max-width: 750px) 100vw, 750px\" \/><\/figure>\n\n\n\n<h5 class=\"wp-block-heading\">SmartCentres Vaughan Northwest<\/h5>\n\n\n\n<p>A new, world-class 100-acre city centre built around a 9-acre park in The future of SmartCentres Vaughan Northwest is a proposed, multi-The future of SmartCentres Vaughan Northwest is a proposed, multi-phased master-planned community at Weston Road and Major Mackenzie Drive West. The masterplan includes SmartLiving seniors\u2019 apartments and residences, three residential towers and freehold towns, with public and greenspaces woven throughout. The transit-connected development will complement and energize the adjacent Walmart-anchored retail centre.<\/p>\n\n\n\n<p><a class=\"btn btn-primary button mb-sm-2\" role=\"button\" href=\"https:\/\/smartcentre.joeyai.app\/property\/1343\">More<\/a>&nbsp;<\/p>\n\n\n\n<p><\/p>\n<\/div>\n\n\n\n<div class=\"col col-sm-6 col-12\">\n<figure class=\"wp-block-image size-full w-100 mb-4\"><img loading=\"lazy\" decoding=\"async\" width=\"750\" height=\"450\" src=\"https:\/\/smartcentre.joeyai.app\/wp-content\/uploads\/2022\/05\/eglinton-east.jpg\" alt=\"\" class=\"wp-image-17753\" srcset=\"https:\/\/smartcentre.joeyai.app\/wp-content\/uploads\/2022\/05\/eglinton-east.jpg 750w, https:\/\/smartcentre.joeyai.app\/wp-content\/uploads\/2022\/05\/eglinton-east-300x180.jpg 300w\" sizes=\"auto, (max-width: 750px) 100vw, 750px\" \/><\/figure>\n\n\n\n<h5 class=\"wp-block-heading\">SmartCentres Eglinton East<\/h5>\n\n\n\n<p>SmartCentres Eglinton East, a 28-acre property in the heart of Scarborough\u2019s Golden Mile, is being redeveloped into a complete mixed-use community. This transit-connected property is minutes from Highway 401 and the DVP and is flanked by two future Eglinton Crosstown LRT stations. The masterplan includes a signature SmartLiving central park, surrounded by up to 20 mid-and high-rise towers integrating residential and commercial throughout.<\/p>\n\n\n\n<p><a class=\"btn btn-primary button mb-sm-2\" role=\"button\" href=\"https:\/\/smartcentre.joeyai.app\/property\/1312\">More<\/a>&nbsp;<\/p>\n\n\n\n<p><\/p>\n<\/div>\n\n\n\n<div class=\"col col-sm-6 col-12\">\n<figure class=\"wp-block-image size-full w-100 mb-4\"><img loading=\"lazy\" decoding=\"async\" width=\"750\" height=\"450\" src=\"https:\/\/smartcentre.joeyai.app\/wp-content\/uploads\/2022\/05\/eglinton-west.jpg\" alt=\"\" class=\"wp-image-17755\" srcset=\"https:\/\/smartcentre.joeyai.app\/wp-content\/uploads\/2022\/05\/eglinton-west.jpg 750w, https:\/\/smartcentre.joeyai.app\/wp-content\/uploads\/2022\/05\/eglinton-west-300x180.jpg 300w\" sizes=\"auto, (max-width: 750px) 100vw, 750px\" \/><\/figure>\n\n\n\n<h5 class=\"wp-block-heading\">SmartCentres Eglinton West<\/h5>\n\n\n\n<p>Located between Keele and Dufferin on Eglinton Street West, SmartCentres is redeveloping the 9.3-acre site into a complete, mixed-use community. SmartCentres Eglinton West is the epitome of a multimodal, transit-oriented development, located immediately adjacent to the future Caledonia station servicing both the Crosstown LRT and GO train lines, and 1km from the Eglinton West TTC subway. The masterplan will include a mix of retail, commercial and SmartLiving residential, with the first phase consisting of a proposed 35-storey condo tower on the southwest corner of the site.<\/p>\n\n\n\n<p><a class=\"btn btn-primary button mb-sm-2\" role=\"button\" href=\"https:\/\/smartcentre.joeyai.app\/property\/1337\">More<\/a>&nbsp;<\/p>\n\n\n\n<p><\/p>\n<\/div>\n\n\n\n<div class=\"col col-sm-6 col-12\">\n<figure class=\"wp-block-image size-full w-100 mb-4\"><img loading=\"lazy\" decoding=\"async\" width=\"750\" height=\"450\" src=\"https:\/\/smartcentre.joeyai.app\/wp-content\/uploads\/2022\/05\/oakville-north.jpg\" alt=\"\" class=\"wp-image-17761\" srcset=\"https:\/\/smartcentre.joeyai.app\/wp-content\/uploads\/2022\/05\/oakville-north.jpg 750w, https:\/\/smartcentre.joeyai.app\/wp-content\/uploads\/2022\/05\/oakville-north-300x180.jpg 300w\" sizes=\"auto, (max-width: 750px) 100vw, 750px\" \/><\/figure>\n\n\n\n<h5 class=\"wp-block-heading\">SmartSmartCentres Oakville North<\/h5>\n\n\n\n<p>SmartCentres Oakville North is being redeveloped into a multi-phased, mixed-used community in Oakville\u2019s burgeoning Uptown Core,. Located at Oak Park Boulevard and Trafalgar Road, the proposed masterplan includes 5.5 million square feet of retail, commercial and SmartLiving residential. The first phase is comprised two residential towers with retail at grade.<\/p>\n\n\n\n<p><a class=\"btn btn-primary button mb-sm-2\" role=\"button\" href=\"https:\/\/smartcentre.joeyai.app\/property\/1282\">More<\/a>&nbsp;<\/p>\n\n\n\n<p><\/p>\n<\/div>\n\n\n\n<div class=\"col col-sm-6 col-12\">\n<figure class=\"wp-block-image size-full w-100 mb-4\"><img loading=\"lazy\" decoding=\"async\" width=\"750\" height=\"450\" src=\"https:\/\/smartcentre.joeyai.app\/wp-content\/uploads\/2022\/05\/yonge-street.jpg\" alt=\"\" class=\"wp-image-17767\" srcset=\"https:\/\/smartcentre.joeyai.app\/wp-content\/uploads\/2022\/05\/yonge-street.jpg 750w, https:\/\/smartcentre.joeyai.app\/wp-content\/uploads\/2022\/05\/yonge-street-300x180.jpg 300w\" sizes=\"auto, (max-width: 750px) 100vw, 750px\" \/><\/figure>\n\n\n\n<h5 class=\"wp-block-heading\">49-51 Yonge Street<\/h5>\n\n\n\n<p>SmartLiving has proposed to preserve and transform two 4-storey heritage buildings at the prime downtown Toronto intersection of Yonge &amp; Wellington into a 60-storey mixed-use tower. Focusing first and foremost on preservation, protection and enhancement of the heritage, the proposed tower will revitalize a prominent corner in the heart of downtown Toronto. With precedent-setting architecture designed by renowned firm architects-Alliance, the contemporary tower will spotlight the heritage building below while contributing a modern silhouette to Toronto\u2019s growing skyline.<\/p>\n\n\n\n<p><a class=\"btn btn-primary button mb-sm-2\" role=\"button\" href=\"#\">More<\/a>&nbsp;<\/p>\n\n\n\n<p><\/p>\n<\/div>\n\n\n\n<div class=\"col col-md-6 col-12\">\n<figure class=\"wp-block-image size-full w-100 mb-4\"><img loading=\"lazy\" decoding=\"async\" width=\"750\" height=\"450\" src=\"https:\/\/smartcentre.joeyai.app\/wp-content\/uploads\/2022\/05\/mascouche.jpg\" alt=\"\" class=\"wp-image-17759\" srcset=\"https:\/\/smartcentre.joeyai.app\/wp-content\/uploads\/2022\/05\/mascouche.jpg 750w, https:\/\/smartcentre.joeyai.app\/wp-content\/uploads\/2022\/05\/mascouche-300x180.jpg 300w\" sizes=\"auto, (max-width: 750px) 100vw, 750px\" \/><\/figure>\n\n\n\n<h5 class=\"wp-block-heading\">SmartCentres Mascouche<\/h5>\n\n\n\n<p>SmartCentres Mascouche is a 74-acre Walmart-anchored, 470,000 square foot shopping centre, being transformed into a mixed-use, master planned community at Autoroute 25 South and Autoroute East. 1.5M square feet of density is proposed, including a mix of retail and SmartLiving residential. The first phase of development, already under construction, includes two, 10-storey rental apartments. This transit-connected property will house up to 1,600 SmartLiving residential units upon completion.<\/p>\n\n\n\n<p><a class=\"btn btn-primary button mb-sm-2\" role=\"button\" href=\"https:\/\/smartcentre.joeyai.app\/property\/1266\">More<\/a>&nbsp;<\/p>\n\n\n\n<p><\/p>\n<\/div>\n\n\n\n<div class=\"col col-sm-6 col-12\">\n<figure class=\"wp-block-image size-full w-100 mb-4\"><img loading=\"lazy\" decoding=\"async\" width=\"750\" height=\"450\" src=\"https:\/\/smartcentre.joeyai.app\/wp-content\/uploads\/2022\/05\/laval-centre.jpg\" alt=\"\" class=\"wp-image-17757\" srcset=\"https:\/\/smartcentre.joeyai.app\/wp-content\/uploads\/2022\/05\/laval-centre.jpg 750w, https:\/\/smartcentre.joeyai.app\/wp-content\/uploads\/2022\/05\/laval-centre-300x180.jpg 300w\" sizes=\"auto, (max-width: 750px) 100vw, 750px\" \/><\/figure>\n\n\n\n<h5 class=\"wp-block-heading\">SmartCentres Laval Centre<\/h5>\n\n\n\n<p>SmartCentres Laval Centre is a 43-acre, mixed-use property located at Boulevard Daniel-Johnson &amp; Boulevard Saint-Martin West. With redevelopment well underway, SmartLiving residential will complement the existing Walmart-anchored retail on-site with purpose-built rentals (Equinoxe Daniel-Johnson Tower 1 occupied and Tower 2 under construction), along with LUFT condo and rental towers. The proposed master-plan includes 4.5 million square feet of potential density in a vibrant new city centre, with greenspace and community gathering places woven throughout.<\/p>\n\n\n\n<p><a class=\"btn btn-primary button mb-sm-2\" role=\"button\" href=\"https:\/\/smartcentre.joeyai.app\/property\/1252\">More<\/a>&nbsp;<\/p>\n\n\n\n<p><\/p>\n<\/div>\n<\/div>\n<\/div>\n","protected":false},"excerpt":{"rendered":"<p>APPARTEMENTS CONDOS MAISONS EN RANG\u00c9E H\u00d4TELS COMMERCES DE D\u00c9TAIL BUREAUX ENTREP\u00d4TS PERSONNELS R\u00c9SIDENCES POUR PERSONNES [&hellip;]<\/p>\n","protected":false},"author":1,"featured_media":0,"parent":0,"menu_order":0,"comment_status":"closed","ping_status":"closed","template":"templates\/template-development.php","meta":{"footnotes":""},"class_list":["post-1421","page","type-page","status-publish","hentry"],"yoast_head":"<!-- This site is optimized with the Yoast SEO plugin v25.0 - https:\/\/yoast.com\/wordpress\/plugins\/seo\/ -->\r\n<title>D\u00e9veloppement - Smart Centres<\/title>\r\n<meta name=\"robots\" content=\"index, follow, max-snippet:-1, max-image-preview:large, max-video-preview:-1\" \/>\r\n<link rel=\"canonical\" href=\"https:\/\/smartcentre.joeyai.app\/development\/\" \/>\r\n<meta property=\"og:locale\" content=\"fr_FR\" \/>\r\n<meta property=\"og:type\" content=\"article\" \/>\r\n<meta property=\"og:title\" content=\"D\u00e9veloppement - Smart Centres\" \/>\r\n<meta property=\"og:description\" content=\"APPARTEMENTS CONDOS MAISONS EN RANG\u00c9E H\u00d4TELS COMMERCES DE D\u00c9TAIL BUREAUX ENTREP\u00d4TS PERSONNELS R\u00c9SIDENCES POUR PERSONNES [&hellip;]\" \/>\r\n<meta property=\"og:url\" content=\"https:\/\/smartcentre.joeyai.app\/development\/\" \/>\r\n<meta property=\"og:site_name\" content=\"Smart Centres\" \/>\r\n<meta property=\"article:modified_time\" content=\"2022-08-29T03:28:22+00:00\" \/>\r\n<meta property=\"og:image\" content=\"https:\/\/smartcentre.joeyai.app\/wp-content\/uploads\/2022\/05\/smartvmc.jpg\" \/>\r\n\t<meta property=\"og:image:width\" content=\"750\" \/>\r\n\t<meta property=\"og:image:height\" content=\"450\" \/>\r\n\t<meta property=\"og:image:type\" content=\"image\/jpeg\" \/>\r\n<meta name=\"twitter:card\" content=\"summary_large_image\" \/>\r\n<meta name=\"twitter:label1\" content=\"Dur\u00e9e de lecture estim\u00e9e\" \/>\n\t<meta name=\"twitter:data1\" content=\"4 minutes\" \/>\r\n<script type=\"application\/ld+json\" class=\"yoast-schema-graph\">{\"@context\":\"https:\/\/schema.org\",\"@graph\":[{\"@type\":\"WebPage\",\"@id\":\"https:\/\/smartcentre.joeyai.app\/development\/\",\"url\":\"https:\/\/smartcentre.joeyai.app\/development\/\",\"name\":\"D\u00e9veloppement - Smart Centres\",\"isPartOf\":{\"@id\":\"https:\/\/smartcentre.joeyai.app\/#website\"},\"primaryImageOfPage\":{\"@id\":\"https:\/\/smartcentre.joeyai.app\/development\/#primaryimage\"},\"image\":{\"@id\":\"https:\/\/smartcentre.joeyai.app\/development\/#primaryimage\"},\"thumbnailUrl\":\"https:\/\/smartcentre.joeyai.app\/wp-content\/uploads\/2022\/05\/smartvmc.jpg\",\"datePublished\":\"2022-01-04T10:05:19+00:00\",\"dateModified\":\"2022-08-29T03:28:22+00:00\",\"breadcrumb\":{\"@id\":\"https:\/\/smartcentre.joeyai.app\/development\/#breadcrumb\"},\"inLanguage\":\"fr-FR\",\"potentialAction\":[{\"@type\":\"ReadAction\",\"target\":[\"https:\/\/smartcentre.joeyai.app\/development\/\"]}]},{\"@type\":\"ImageObject\",\"inLanguage\":\"fr-FR\",\"@id\":\"https:\/\/smartcentre.joeyai.app\/development\/#primaryimage\",\"url\":\"https:\/\/smartcentre.joeyai.app\/wp-content\/uploads\/2022\/05\/smartvmc.jpg\",\"contentUrl\":\"https:\/\/smartcentre.joeyai.app\/wp-content\/uploads\/2022\/05\/smartvmc.jpg\"},{\"@type\":\"BreadcrumbList\",\"@id\":\"https:\/\/smartcentre.joeyai.app\/development\/#breadcrumb\",\"itemListElement\":[{\"@type\":\"ListItem\",\"position\":1,\"name\":\"Home\",\"item\":\"https:\/\/smartcentre.joeyai.app\/\"},{\"@type\":\"ListItem\",\"position\":2,\"name\":\"D\u00e9veloppement\"}]},{\"@type\":\"WebSite\",\"@id\":\"https:\/\/smartcentre.joeyai.app\/#website\",\"url\":\"https:\/\/smartcentre.joeyai.app\/\",\"name\":\"Smart Centres\",\"description\":\"Real Estate Investment Trust\",\"potentialAction\":[{\"@type\":\"SearchAction\",\"target\":{\"@type\":\"EntryPoint\",\"urlTemplate\":\"https:\/\/smartcentre.joeyai.app\/?s={search_term_string}\"},\"query-input\":{\"@type\":\"PropertyValueSpecification\",\"valueRequired\":true,\"valueName\":\"search_term_string\"}}],\"inLanguage\":\"fr-FR\"}]}<\/script>\r\n<!-- \/ Yoast SEO plugin. -->","yoast_head_json":{"title":"D\u00e9veloppement - Smart Centres","robots":{"index":"index","follow":"follow","max-snippet":"max-snippet:-1","max-image-preview":"max-image-preview:large","max-video-preview":"max-video-preview:-1"},"canonical":"https:\/\/smartcentre.joeyai.app\/development\/","og_locale":"fr_FR","og_type":"article","og_title":"D\u00e9veloppement - Smart Centres","og_description":"APPARTEMENTS CONDOS MAISONS EN RANG\u00c9E H\u00d4TELS COMMERCES DE D\u00c9TAIL BUREAUX ENTREP\u00d4TS PERSONNELS R\u00c9SIDENCES POUR PERSONNES [&hellip;]","og_url":"https:\/\/smartcentre.joeyai.app\/development\/","og_site_name":"Smart Centres","article_modified_time":"2022-08-29T03:28:22+00:00","og_image":[{"width":750,"height":450,"url":"https:\/\/smartcentre.joeyai.app\/wp-content\/uploads\/2022\/05\/smartvmc.jpg","type":"image\/jpeg"}],"twitter_card":"summary_large_image","twitter_misc":{"Dur\u00e9e de lecture estim\u00e9e":"4 minutes"},"schema":{"@context":"https:\/\/schema.org","@graph":[{"@type":"WebPage","@id":"https:\/\/smartcentre.joeyai.app\/development\/","url":"https:\/\/smartcentre.joeyai.app\/development\/","name":"D\u00e9veloppement - Smart Centres","isPartOf":{"@id":"https:\/\/smartcentre.joeyai.app\/#website"},"primaryImageOfPage":{"@id":"https:\/\/smartcentre.joeyai.app\/development\/#primaryimage"},"image":{"@id":"https:\/\/smartcentre.joeyai.app\/development\/#primaryimage"},"thumbnailUrl":"https:\/\/smartcentre.joeyai.app\/wp-content\/uploads\/2022\/05\/smartvmc.jpg","datePublished":"2022-01-04T10:05:19+00:00","dateModified":"2022-08-29T03:28:22+00:00","breadcrumb":{"@id":"https:\/\/smartcentre.joeyai.app\/development\/#breadcrumb"},"inLanguage":"fr-FR","potentialAction":[{"@type":"ReadAction","target":["https:\/\/smartcentre.joeyai.app\/development\/"]}]},{"@type":"ImageObject","inLanguage":"fr-FR","@id":"https:\/\/smartcentre.joeyai.app\/development\/#primaryimage","url":"https:\/\/smartcentre.joeyai.app\/wp-content\/uploads\/2022\/05\/smartvmc.jpg","contentUrl":"https:\/\/smartcentre.joeyai.app\/wp-content\/uploads\/2022\/05\/smartvmc.jpg"},{"@type":"BreadcrumbList","@id":"https:\/\/smartcentre.joeyai.app\/development\/#breadcrumb","itemListElement":[{"@type":"ListItem","position":1,"name":"Home","item":"https:\/\/smartcentre.joeyai.app\/"},{"@type":"ListItem","position":2,"name":"D\u00e9veloppement"}]},{"@type":"WebSite","@id":"https:\/\/smartcentre.joeyai.app\/#website","url":"https:\/\/smartcentre.joeyai.app\/","name":"Smart Centres","description":"Real Estate Investment Trust","potentialAction":[{"@type":"SearchAction","target":{"@type":"EntryPoint","urlTemplate":"https:\/\/smartcentre.joeyai.app\/?s={search_term_string}"},"query-input":{"@type":"PropertyValueSpecification","valueRequired":true,"valueName":"search_term_string"}}],"inLanguage":"fr-FR"}]}},"_links":{"self":[{"href":"https:\/\/smartcentre.joeyai.app\/fr\/wp-json\/wp\/v2\/pages\/1421","targetHints":{"allow":["GET"]}}],"collection":[{"href":"https:\/\/smartcentre.joeyai.app\/fr\/wp-json\/wp\/v2\/pages"}],"about":[{"href":"https:\/\/smartcentre.joeyai.app\/fr\/wp-json\/wp\/v2\/types\/page"}],"author":[{"embeddable":true,"href":"https:\/\/smartcentre.joeyai.app\/fr\/wp-json\/wp\/v2\/users\/1"}],"replies":[{"embeddable":true,"href":"https:\/\/smartcentre.joeyai.app\/fr\/wp-json\/wp\/v2\/comments?post=1421"}],"version-history":[{"count":1,"href":"https:\/\/smartcentre.joeyai.app\/fr\/wp-json\/wp\/v2\/pages\/1421\/revisions"}],"predecessor-version":[{"id":18221,"href":"https:\/\/smartcentre.joeyai.app\/fr\/wp-json\/wp\/v2\/pages\/1421\/revisions\/18221"}],"wp:attachment":[{"href":"https:\/\/smartcentre.joeyai.app\/fr\/wp-json\/wp\/v2\/media?parent=1421"}],"curies":[{"name":"wp","href":"https:\/\/api.w.org\/{rel}","templated":true}]}}