{"id":1431,"date":"2022-01-04T05:15:13","date_gmt":"2022-01-04T10:15:13","guid":{"rendered":"https:\/\/smartcentre.joeyai.app\/?page_id=1431"},"modified":"2022-03-18T11:20:44","modified_gmt":"2022-03-18T15:20:44","slug":"smartliving","status":"publish","type":"page","link":"https:\/\/smartcentre.joeyai.app\/fr\/smartliving\/","title":{"rendered":"Smartliving"},"content":{"rendered":"<div class=\"wrapper\">\n<h1 class=\"big-txt pb-3 ultra text-uppercase\">VOICI<br \/>\nSMARTLIVING<span class=\"dot\">.<\/span><\/h1>\n<div class=\"row mb-4\">\n<div class=\"col-md-9\">\n<h5>En 2019, SmartLiving a \u00e9t\u00e9 cr\u00e9\u00e9e pour appuyer l\u2019expansion de SmartCentres dans le secteur r\u00e9sidentiel et h\u00f4telier et offrir la m\u00eame commodit\u00e9, la m\u00eame qualit\u00e9 et la m\u00eame valeur que les Canadiens et Canadiennes connaissent et appr\u00e9cient.<\/h5>\n<\/div>\n<\/div>\n<div class=\"row mb-4\">\n<div class=\"col-md-7\">\n<p>Nous savons que rien ne vaut un chez-soi. C\u2019est pourquoi nous construisons des milieux de vie sans compromis, pour toutes les \u00e9tapes de la vie, en cr\u00e9ant des communaut\u00e9s dont les Canadiens et Canadiennes peuvent \u00eatre fiers.<\/p>\n<\/div>\n<div class=\"col-md d-flex align-items-end\">\n<div class=\"text-end w-100 pb-4\"><a class=\"button alt open-reg me-md-3 mb-2 text-uppercase\" href=\"#\">S\u2019abonner aux nouvelles r\u00e9sidentielles<\/a><\/div>\n<\/div>\n<\/div>\n<\/div>\n<div class=\"smartliving-stats\">\n<div class=\"wrapper pt-5\">\n<div class=\"row\">\n<div class=\"col-lg-6\">\n<div class=\"row mb-4 mb-lg-0\">\n<div class=\"col-auto\"><img decoding=\"async\" src=\"https:\/\/smartcentre.joeyai.app\/wp-content\/themes\/smartcentres\/img\/smartliving\/1.svg\" alt=\"\" \/><\/div>\n<div class=\"col\">Le premier immeuble d\u2019appartements locatifs SmartLiving, l\u2019\u00c9quinoxe Daniel-Johnson, a ouvert en mars 2020 \u00e0 Laval, au Qu\u00e9bec.<\/div>\n<\/div>\n<\/div>\n<div class=\"col-lg-6\">\n<div class=\"row\">\n<div class=\"col-auto\"><img decoding=\"async\" src=\"https:\/\/smartcentre.joeyai.app\/wp-content\/themes\/smartcentres\/img\/smartliving\/2.svg\" alt=\"\" \/><\/div>\n<div class=\"col\">Transit City 1 &amp; 2 \u2013<br \/>\nConstruction termin\u00e9e..<\/div>\n<\/div>\n<\/div>\n<\/div>\n<\/div>\n<\/div>\n<div><\/div>\n<div class=\"wrapper\"><h2 class=\"pt-5 my-5 text-uppercase\">Trouvez votre chez-vous id\u00e9al<span>.<\/span><\/h2>\r\n<div class=\"row\">\r\n    <div class=\"col-6 col-lg-4 mb-4\">\r\n        <select name=\"\" id=\"\" class=\"select-control form-control\">\r\n            <option value=\"\">Type de propri\u00e9t\u00e9<\/option>\r\n        <\/select>\r\n    <\/div>\r\n\r\n    <div class=\"col-6 col-lg-4 mb-4\">\r\n        <select name=\"\" id=\"\" class=\"select-control form-control\">\r\n            <option value=\"\">R\u00e9gion<\/option>\r\n        <\/select>\r\n    <\/div>\r\n\r\n    <div class=\"col-12 col-lg-4 mb-4\">\r\n        <select name=\"\" id=\"\" class=\"select-control form-control\">\r\n            <option value=\"\">Ville<\/option>\r\n        <\/select>\r\n    <\/div>\r\n\r\n\r\n    <div class=\"col-12 mb-4\">\r\n        <input type=\"text\" placeholder=\"Nom de la propri\u00e9t\u00e9\" class=\"form-control\">\r\n    <\/div>\r\n\r\n\r\n    <div class=\"col-12 col-md-6  mb-4\">\r\n\r\n\r\n        <div class=\"row\">\r\n\r\n            <div class=\"col-4 mb-1\">\r\n                <div class=\"form-check form-switch\">\r\n                    <input class=\"form-check-input\" type=\"checkbox\" id=\"bedroom1\" checked>\r\n                    <label class=\"form-check-label\" for=\"bedroom1\"> 1 Chambres <\/label>\r\n                <\/div>\r\n            <\/div>\r\n\r\n            <div class=\"col-4 mb-1\">\r\n                <div class=\"form-check form-switch\">\r\n                    <input class=\"form-check-input\" type=\"checkbox\" id=\"bedroom2\" checked>\r\n                    <label class=\"form-check-label\" for=\"bedroom2\"> 2 Chambres <\/label>\r\n                <\/div>\r\n            <\/div>\r\n\r\n            <div class=\"col-4 mb-1\">\r\n                <div class=\"form-check form-switch\">\r\n                    <input class=\"form-check-input\" type=\"checkbox\" id=\"bedroom3\" checked>\r\n                    <label class=\"form-check-label\" for=\"bedroom3\"> 3+ Chambres<\/label>\r\n                <\/div>\r\n            <\/div>\r\n        <\/div>\r\n    <\/div>\r\n\r\n\r\n    <div class=\"col-12 col-md-4 col-lg-4\">\r\n\r\n        <div class=\"px-lg-2 px-3 px-lg-0  pt-0\">\r\n            <div id=\"slider-range\" class=\"slider-range\"><\/div>\r\n            <div class=\"row mt-3 slider-txt\">\r\n                <div class=\"col-6\">\r\n                    $0<br>\r\n                    De                <\/div>\r\n                <div class=\"col-6 text-end\">\r\n                    $500,000<br>\r\n                    \u00c0                <\/div>\r\n            <\/div><!-- .row -->\r\n        <\/div>\r\n    <\/div>\r\n\r\n    <div class=\"col-12 col-sm-6 col-lg-2 text-center text-sm-end\">\r\n        <button class=\"button text-uppercase\">Trouver<\/button>\r\n    <\/div>\r\n<\/div><!-- .row -->\r\n<\/div>\n<div><\/div>\n<div class=\"wrapper\">\n<div class=\"my-5\">\n<div class=\"row smartling-sections pt-5\">\n<div class=\"col-md-7 col-xl-6 image\" style=\"background-image: url('https:\/\/smartcentre.joeyai.app\/wp-content\/themes\/smartcentres\/img\/smartliving\/condos.jpg');\"><img decoding=\"async\" src=\"https:\/\/smartcentre.joeyai.app\/wp-content\/themes\/smartcentres\/img\/smartliving\/condos.jpg\" alt=\"\" \/><\/div>\n<div class=\"col-md-5 content\">\n<h4>CONDOS.<\/h4>\n<p>Parfaits pour les personnes seules, les couples et les familles de toute taille, les condos SmartLiving ont \u00e9t\u00e9 soigneusement con\u00e7us pour offrir \u00e0 leurs r\u00e9sidents et r\u00e9sidentes tout ce qu\u2019il leur faut en mati\u00e8re de confort, d\u2019installations et de connectivit\u00e9. Trouvez l\u2019\u00e9quilibre id\u00e9al au sein d\u2019une r\u00e9sidence qui vous offre la libert\u00e9 en plein c\u0153ur de la ville.<\/p>\n<p><button class=\"button\">TROUVER<\/button><\/p>\n<\/div>\n<\/div>\n<div class=\"row smartling-sections pt-5\">\n<div class=\"col-md-7 col-xl-6 image\" style=\"background-image: url('https:\/\/smartcentre.joeyai.app\/wp-content\/themes\/smartcentres\/img\/smartliving\/townhomes.jpg');\"><img decoding=\"async\" src=\"https:\/\/smartcentre.joeyai.app\/wp-content\/themes\/smartcentres\/img\/smartliving\/townhomes.jpg\" alt=\"\" \/><\/div>\n<div class=\"col-md-5 content\">\n<h4>Maisons en rang\u00e9e.<\/h4>\n<p>Pour ceux et celles qui souhaitent passer \u00e0 une vie spacieuse et ind\u00e9pendante, \u00e0 proximit\u00e9 de toutes les commerces et services urbains . Les maisons en rang\u00e9e \u00e0 plusieurs \u00e9tages combinent le meilleur de l\u2019architecture et du design int\u00e9rieur contemporains, le tout agr\u00e9ment\u00e9 d\u2019espaces ext\u00e9rieurs priv\u00e9s.<\/p>\n<p><button class=\"button\">TROUVER<\/button><\/p>\n<\/div>\n<\/div>\n<div class=\"row smartling-sections pt-5\">\n<div class=\"col-md-7 col-xl-6 image\" style=\"background-image: url('https:\/\/smartcentre.joeyai.app\/wp-content\/themes\/smartcentres\/img\/smartliving\/apartments.jpg');\"><img decoding=\"async\" src=\"https:\/\/smartcentre.joeyai.app\/wp-content\/themes\/smartcentres\/img\/smartliving\/apartments.jpg\" alt=\"\" \/><\/div>\n<div class=\"col-md-5 content\">\n<h4>Appartements.<\/h4>\n<p>Qu\u2019il s\u2019agisse d\u2019immeubles de basse ou de haute densit\u00e9, nos appartements ne se limitent pas \u00e0 quatre murs. Ils font partie d\u2019une communaut\u00e9 beaucoup plus vaste. Les emplacements enviables sont refl\u00e9t\u00e9s par un design contemporain et l\u2019acc\u00e8s \u00e0 un \u00e9ventail de commodit\u00e9s remarquables qui agissent comme un prolongement de votre espace priv\u00e9.<\/p>\n<p><button class=\"button\">TROUVER<\/button><\/p>\n<\/div>\n<\/div>\n<div class=\"row smartling-sections pt-5\">\n<div class=\"col-md-7 col-xl-6 image\" style=\"background-image: url('https:\/\/smartcentre.joeyai.app\/wp-content\/themes\/smartcentres\/img\/smartliving\/senior-living.jpg');\"><img decoding=\"async\" src=\"https:\/\/smartcentre.joeyai.app\/wp-content\/themes\/smartcentres\/img\/smartliving\/senior-living.jpg\" alt=\"\" \/><\/div>\n<div class=\"col-md-5 content\">\n<h4>R\u00e9sidences pour personnes \u00e2g\u00e9es.<\/h4>\n<p>Tissez des liens avec vos voisins et votre communaut\u00e9 \u00e9largie. Profitez d\u2019habitations au design unique et aux installations sup\u00e9rieures, localis\u00e9es dans des secteurs centraux, offrant aux r\u00e9sidents et r\u00e9sidentes tout ce dont ils ont besoin, \u00e0 l\u2019int\u00e9rieur comme \u00e0 l\u2019ext\u00e9rieur. Profitez d\u2019un style de vie ax\u00e9 sur la marche et les transports collectifs et faites partie d\u2019une communaut\u00e9 qui vous ressemble.<\/p>\n<p><button class=\"button\">TROUVER<\/button><\/p>\n<\/div>\n<\/div>\n<p><!-- .row.smartling-sections--><\/p>\n<div class=\"row smartling-sections pt-5\">\n<div class=\"col-md-7 col-xl-6 image\" style=\"background-image: url('https:\/\/smartcentre.joeyai.app\/wp-content\/themes\/smartcentres\/img\/smartliving\/hotels.jpg');\"><img decoding=\"async\" src=\"https:\/\/smartcentre.joeyai.app\/wp-content\/themes\/smartcentres\/img\/smartliving\/hotels.jpg\" alt=\"\" \/><\/div>\n<div class=\"col-md-5 content\">\n<h4>H\u00f4tels.<\/h4>\n<p>Des suites bien am\u00e9nag\u00e9es, un service de qualit\u00e9 sup\u00e9rieure et une exp\u00e9rience client exemplaire. Nos h\u00f4tels se trouvent dans des quartiers urbains bien \u00e9tablis et constituent la toile de fond parfaite d\u2019un s\u00e9jour m\u00e9morable.<\/p>\n<p><button class=\"button\">TROUVER<\/button><\/p>\n<\/div>\n<\/div>\n<\/div>\n<\/div>\n","protected":false},"excerpt":{"rendered":"<p>VOICI SMARTLIVING. En 2019, SmartLiving a \u00e9t\u00e9 cr\u00e9\u00e9e pour appuyer l\u2019expansion de SmartCentres dans le [&hellip;]<\/p>\n","protected":false},"author":1,"featured_media":0,"parent":0,"menu_order":0,"comment_status":"closed","ping_status":"closed","template":"templates\/template-smartliving.php","meta":{"footnotes":""},"class_list":["post-1431","page","type-page","status-publish","hentry"],"yoast_head":"<!-- This site is optimized with the Yoast SEO plugin v25.0 - https:\/\/yoast.com\/wordpress\/plugins\/seo\/ -->\r\n<title>Smartliving - Smart Centres<\/title>\r\n<meta name=\"robots\" content=\"index, follow, max-snippet:-1, max-image-preview:large, max-video-preview:-1\" \/>\r\n<link rel=\"canonical\" href=\"https:\/\/smartcentre.joeyai.app\/smartliving\/\" \/>\r\n<meta property=\"og:locale\" content=\"fr_FR\" \/>\r\n<meta property=\"og:type\" content=\"article\" \/>\r\n<meta property=\"og:title\" content=\"Smartliving - Smart Centres\" \/>\r\n<meta property=\"og:description\" content=\"VOICI SMARTLIVING. En 2019, SmartLiving a \u00e9t\u00e9 cr\u00e9\u00e9e pour appuyer l\u2019expansion de SmartCentres dans le [&hellip;]\" \/>\r\n<meta property=\"og:url\" content=\"https:\/\/smartcentre.joeyai.app\/smartliving\/\" \/>\r\n<meta property=\"og:site_name\" content=\"Smart Centres\" \/>\r\n<meta property=\"article:modified_time\" content=\"2022-03-18T15:20:44+00:00\" \/>\r\n<meta property=\"og:image\" content=\"https:\/\/smartcentre.joeyai.app\/wp-content\/themes\/smartcentres\/img\/smartliving\/1.svg\" \/>\r\n<meta name=\"twitter:card\" content=\"summary_large_image\" \/>\r\n<meta name=\"twitter:label1\" content=\"Dur\u00e9e de lecture estim\u00e9e\" \/>\n\t<meta name=\"twitter:data1\" content=\"2 minutes\" \/>\r\n<script type=\"application\/ld+json\" class=\"yoast-schema-graph\">{\"@context\":\"https:\/\/schema.org\",\"@graph\":[{\"@type\":\"WebPage\",\"@id\":\"https:\/\/smartcentre.joeyai.app\/smartliving\/\",\"url\":\"https:\/\/smartcentre.joeyai.app\/smartliving\/\",\"name\":\"Smartliving - Smart Centres\",\"isPartOf\":{\"@id\":\"https:\/\/smartcentre.joeyai.app\/#website\"},\"primaryImageOfPage\":{\"@id\":\"https:\/\/smartcentre.joeyai.app\/smartliving\/#primaryimage\"},\"image\":{\"@id\":\"https:\/\/smartcentre.joeyai.app\/smartliving\/#primaryimage\"},\"thumbnailUrl\":\"https:\/\/smartcentre.joeyai.app\/wp-content\/themes\/smartcentres\/img\/smartliving\/1.svg\",\"datePublished\":\"2022-01-04T10:15:13+00:00\",\"dateModified\":\"2022-03-18T15:20:44+00:00\",\"breadcrumb\":{\"@id\":\"https:\/\/smartcentre.joeyai.app\/smartliving\/#breadcrumb\"},\"inLanguage\":\"fr-FR\",\"potentialAction\":[{\"@type\":\"ReadAction\",\"target\":[\"https:\/\/smartcentre.joeyai.app\/smartliving\/\"]}]},{\"@type\":\"ImageObject\",\"inLanguage\":\"fr-FR\",\"@id\":\"https:\/\/smartcentre.joeyai.app\/smartliving\/#primaryimage\",\"url\":\"https:\/\/smartcentre.joeyai.app\/wp-content\/themes\/smartcentres\/img\/smartliving\/1.svg\",\"contentUrl\":\"https:\/\/smartcentre.joeyai.app\/wp-content\/themes\/smartcentres\/img\/smartliving\/1.svg\"},{\"@type\":\"BreadcrumbList\",\"@id\":\"https:\/\/smartcentre.joeyai.app\/smartliving\/#breadcrumb\",\"itemListElement\":[{\"@type\":\"ListItem\",\"position\":1,\"name\":\"Home\",\"item\":\"https:\/\/smartcentre.joeyai.app\/\"},{\"@type\":\"ListItem\",\"position\":2,\"name\":\"Smartliving\"}]},{\"@type\":\"WebSite\",\"@id\":\"https:\/\/smartcentre.joeyai.app\/#website\",\"url\":\"https:\/\/smartcentre.joeyai.app\/\",\"name\":\"Smart Centres\",\"description\":\"Real Estate Investment Trust\",\"potentialAction\":[{\"@type\":\"SearchAction\",\"target\":{\"@type\":\"EntryPoint\",\"urlTemplate\":\"https:\/\/smartcentre.joeyai.app\/?s={search_term_string}\"},\"query-input\":{\"@type\":\"PropertyValueSpecification\",\"valueRequired\":true,\"valueName\":\"search_term_string\"}}],\"inLanguage\":\"fr-FR\"}]}<\/script>\r\n<!-- \/ Yoast SEO plugin. -->","yoast_head_json":{"title":"Smartliving - Smart Centres","robots":{"index":"index","follow":"follow","max-snippet":"max-snippet:-1","max-image-preview":"max-image-preview:large","max-video-preview":"max-video-preview:-1"},"canonical":"https:\/\/smartcentre.joeyai.app\/smartliving\/","og_locale":"fr_FR","og_type":"article","og_title":"Smartliving - Smart Centres","og_description":"VOICI SMARTLIVING. En 2019, SmartLiving a \u00e9t\u00e9 cr\u00e9\u00e9e pour appuyer l\u2019expansion de SmartCentres dans le [&hellip;]","og_url":"https:\/\/smartcentre.joeyai.app\/smartliving\/","og_site_name":"Smart Centres","article_modified_time":"2022-03-18T15:20:44+00:00","og_image":[{"url":"https:\/\/smartcentre.joeyai.app\/wp-content\/themes\/smartcentres\/img\/smartliving\/1.svg","type":"","width":"","height":""}],"twitter_card":"summary_large_image","twitter_misc":{"Dur\u00e9e de lecture estim\u00e9e":"2 minutes"},"schema":{"@context":"https:\/\/schema.org","@graph":[{"@type":"WebPage","@id":"https:\/\/smartcentre.joeyai.app\/smartliving\/","url":"https:\/\/smartcentre.joeyai.app\/smartliving\/","name":"Smartliving - Smart Centres","isPartOf":{"@id":"https:\/\/smartcentre.joeyai.app\/#website"},"primaryImageOfPage":{"@id":"https:\/\/smartcentre.joeyai.app\/smartliving\/#primaryimage"},"image":{"@id":"https:\/\/smartcentre.joeyai.app\/smartliving\/#primaryimage"},"thumbnailUrl":"https:\/\/smartcentre.joeyai.app\/wp-content\/themes\/smartcentres\/img\/smartliving\/1.svg","datePublished":"2022-01-04T10:15:13+00:00","dateModified":"2022-03-18T15:20:44+00:00","breadcrumb":{"@id":"https:\/\/smartcentre.joeyai.app\/smartliving\/#breadcrumb"},"inLanguage":"fr-FR","potentialAction":[{"@type":"ReadAction","target":["https:\/\/smartcentre.joeyai.app\/smartliving\/"]}]},{"@type":"ImageObject","inLanguage":"fr-FR","@id":"https:\/\/smartcentre.joeyai.app\/smartliving\/#primaryimage","url":"https:\/\/smartcentre.joeyai.app\/wp-content\/themes\/smartcentres\/img\/smartliving\/1.svg","contentUrl":"https:\/\/smartcentre.joeyai.app\/wp-content\/themes\/smartcentres\/img\/smartliving\/1.svg"},{"@type":"BreadcrumbList","@id":"https:\/\/smartcentre.joeyai.app\/smartliving\/#breadcrumb","itemListElement":[{"@type":"ListItem","position":1,"name":"Home","item":"https:\/\/smartcentre.joeyai.app\/"},{"@type":"ListItem","position":2,"name":"Smartliving"}]},{"@type":"WebSite","@id":"https:\/\/smartcentre.joeyai.app\/#website","url":"https:\/\/smartcentre.joeyai.app\/","name":"Smart Centres","description":"Real Estate Investment Trust","potentialAction":[{"@type":"SearchAction","target":{"@type":"EntryPoint","urlTemplate":"https:\/\/smartcentre.joeyai.app\/?s={search_term_string}"},"query-input":{"@type":"PropertyValueSpecification","valueRequired":true,"valueName":"search_term_string"}}],"inLanguage":"fr-FR"}]}},"_links":{"self":[{"href":"https:\/\/smartcentre.joeyai.app\/fr\/wp-json\/wp\/v2\/pages\/1431","targetHints":{"allow":["GET"]}}],"collection":[{"href":"https:\/\/smartcentre.joeyai.app\/fr\/wp-json\/wp\/v2\/pages"}],"about":[{"href":"https:\/\/smartcentre.joeyai.app\/fr\/wp-json\/wp\/v2\/types\/page"}],"author":[{"embeddable":true,"href":"https:\/\/smartcentre.joeyai.app\/fr\/wp-json\/wp\/v2\/users\/1"}],"replies":[{"embeddable":true,"href":"https:\/\/smartcentre.joeyai.app\/fr\/wp-json\/wp\/v2\/comments?post=1431"}],"version-history":[{"count":0,"href":"https:\/\/smartcentre.joeyai.app\/fr\/wp-json\/wp\/v2\/pages\/1431\/revisions"}],"wp:attachment":[{"href":"https:\/\/smartcentre.joeyai.app\/fr\/wp-json\/wp\/v2\/media?parent=1431"}],"curies":[{"name":"wp","href":"https:\/\/api.w.org\/{rel}","templated":true}]}}