{"id":1435,"date":"2022-01-04T05:17:55","date_gmt":"2022-01-04T10:17:55","guid":{"rendered":"https:\/\/smartcentre.joeyai.app\/?page_id=1435"},"modified":"2022-09-27T14:36:06","modified_gmt":"2022-09-27T18:36:06","slug":"carriere","status":"publish","type":"page","link":"https:\/\/smartcentre.joeyai.app\/fr\/carriere\/","title":{"rendered":"Carri\u00e8res"},"content":{"rendered":"<div class=\"wrapper\"><form method=\"post\" action=\"\/fr\/carriere\/opportunites\/\">\n    <div class=\"row\">\n        <div class=\"col-lg-4 col-xl-5\">\n            <div class=\"input-group mb-3\">\n                <span class=\"input-group-text\" id=\"basic-addon1\">Quoi?<\/span>\n                <input type=\"text\" name=\"title\" class=\"form-control\" placeholder=\"Titre du poste, service, mots-cl\u00e9s\">\n            <\/div>\n\n        <\/div>\n        <div class=\"col-sm col-lg-3\">\n            <div class=\"input-group mb-3\">\n                <span class=\"input-group-text\" id=\"basic-addon1\">O\u00f9? <\/span>\n                <input type=\"text\" name=\"location\" class=\"form-control\" placeholder=\"ville, province\">\n            <\/div>\n        <\/div>\n        <div class=\"col-sm-auto col-xl-4 text-center text-sm-start\">\n            <button type=\"submit\" class=\"button large text-uppercase\">RECHERCHER<\/button>\n            <a href=\"\/fr\/carriere\/opportunites\/\" class=\"ms-1 ms-xl-2 button large text-uppercase\">Toutes les possibilit\u00e9s<\/a>\n        <\/div>\n    <\/div>\n<\/form>\n&nbsp;<\/p>\n<div class=\"row pt-5 mt-sm-4\">\n<div class=\"col-xl-11\">\n<p>SmartCentres est un employeur qui respecte le principe de l\u2019\u00e9galit\u00e9 des chances et qui s\u2019engage \u00e0 mettre en place un processus de recrutement et de s\u00e9lection \u00e0 la fois inclusif et accessible.<\/p>\n<\/div>\n<\/div>\n<div class=\"pt-4 pt-sm-5 mt-sm-5\">\n<h1 class=\"ultra mb-0 pt-1\">NOS VALEURS<span class=\"dot\">.<\/span><\/h1>\n<p class=\"mt-4\">Nos valeurs sont au c\u0153ur de tout ce que nous proposons \u2013 y compris votre carri\u00e8re.<\/p>\n<div class=\"text-center my-5 our-assets pb-4 pt-md-4\">\n<div>\n<div id=\"client\" class=\"asset-header\">Centr\u00e9s sur le client&nbsp;<\/p>\n<div id=\"apartment_content\" class=\"content\">Nous mettons tout en \u0153uvre pour d\u00e9passer les attentes de nos clients, et v\u00e9hiculons ainsi une image positive de l\u2019entreprise.<\/div>\n<\/div>\n<\/div>\n<div>\n<div id=\"respect\" class=\"asset-header\">RESPECT&nbsp;<\/p>\n<div id=\"condos_content\" class=\"content\">Nous sommes ouverts d\u2019esprit, honn\u00eates et \u00e9quitables, et nous appr\u00e9cions la diversit\u00e9 des perspectives, des r\u00f4les et des priorit\u00e9s.<\/div>\n<\/div>\n<\/div>\n<div>\n<div id=\"entrepreneur\" class=\"asset-header\">Entrepreneuriat&nbsp;<\/p>\n<div id=\"condos_content\" class=\"content\">Nous remettons en question le statu quo, nous sommes novateurs, nous prenons des risques calcul\u00e9s et nous avons un penchant certain pour l\u2019action.<\/div>\n<\/div>\n<\/div>\n<div>\n<div id=\"account\" class=\"asset-header\">Responsabilit\u00e9&nbsp;<\/p>\n<div id=\"condos_content\" class=\"content\">Nous assumons nos responsabilit\u00e9s, nous tenons nos engagements et nous apprenons de nos erreurs.<\/div>\n<\/div>\n<\/div>\n<div>\n<div id=\"teamwork\" class=\"asset-header\">Travail d\u2019\u00e9quipe&nbsp;<\/p>\n<div id=\"condos_content\" class=\"content\">Nous travaillons de mani\u00e8re collaborative, en partageant nos expertises et nos connaissances afin d\u2019atteindre nos objectifs communs.<\/div>\n<\/div>\n<\/div>\n<\/div>\n<\/div>\n<p><!-- .wrapper --><\/p>\n<\/div>\n<div class=\"inner-banner\">\n<div class=\"video-wrapper\"><iframe id=\"home-video\" class=\"career-video\" title=\"Home Video\" src=\"https:\/\/www.youtube.com\/embed\/uTEzh01blOc\" width=\"100%\" frameborder=\"0\" allowfullscreen=\"allowfullscreen\" data-ready=\"true\"><\/iframe><\/div>\n<div><img decoding=\"async\" class=\"w-100\" src=\"https:\/\/smartcentre.joeyai.app\/wp-content\/themes\/smartcentres\/img\/careers\/inner.jpg\" alt=\"\"><\/div>\n<div class=\"wrap-container\">\n<div class=\"wrapper\">\n<div class=\"row\">\n<div class=\"col-1 col-sm-4 col-md-7\">&nbsp;<\/div>\n<div class=\"col-12 col-sm-8 col-md-5\">\n<div class=\"watch-area\"><a class=\"button\" href=\"#\"><img decoding=\"async\" class=\" mx-3\" src=\"https:\/\/smartcentre.joeyai.app\/wp-content\/themes\/smartcentres\/img\/careers\/play.svg\" alt=\"Play\">REGARDEZ LA VISION DES SMARTCENTRES<\/a><\/div>\n<\/div>\n<\/div>\n<\/div>\n<\/div>\n<\/div>\n<div class=\"wrapper py-0\">\n<div class=\"row\">\n<div class=\"col-md-7 py-5\">\n<div class=\"pe-md-5\">\n<h1 class=\"ultra\">NOTRE<br class=\"d-none d-sm-block\">CULTURE<span class=\"dot\">.<\/span><\/h1>\n<h3 class=\"pt-sm-3 mt-sm-4 mb-3 mb-sm-5\"><em>Travailler ici, \u00e7a ressemble \u00e0 quoi?<\/em><\/h3>\n<p class=\" small\">La raison d\u2019\u00eatre de SmartCentres est d\u2019offrir une meilleure vie \u00e0 tous les Canadiens et Canadiennes. Nous prenons en consid\u00e9ration les r\u00e9alit\u00e9s \u00e9conomiques du Canadien moyen et am\u00e9liorons son style de vie quotidien.<\/p>\n<p class=\" small\">Mais notre succ\u00e8s repose avant tout sur nos associ\u00e9s et associ\u00e9es ainsi que sur notre culture d\u2019entreprise. Apr\u00e8s tout, il n\u2019existe pas d\u2019entreprises, il n\u2019y a que des personnes.<\/p>\n<p class=\" small\">Les associ\u00e9s et associ\u00e9es de SmartCentres sont des personnes qui se soucient d\u2019autrui. Nous portons une attention particuli\u00e8re aux d\u00e9tails et produisons des r\u00e9sultats de grande qualit\u00e9. Nous croyons qu\u2019aucun effort n\u2019est trop grand lorsqu\u2019il s\u2019agit de faire la bonne chose. En fin de compte, nous prenons soin des Canadiens et Canadiennes.<\/p>\n<p class=\" small\">Nous sommes des leaders et des penseurs et penseuses \u00e0 long terme. Nous nous adaptons de mani\u00e8re proactive, nous embrassons le changement et nous investissons pour offrir des produits et services pratiques, de qualit\u00e9, \u00e0 des prix comp\u00e9titifs.<\/p>\n<p class=\" small\">Les associ\u00e9s et associ\u00e9es de SmartCentres sont fiers d\u2019am\u00e9liorer les communaut\u00e9s dont nous faisons partie. Nous transformons la fa\u00e7on dont les Canadiens et Canadiennes vivent leur vie, de centres commerciaux en centres urbains.<\/p>\n<\/div>\n<\/div>\n<div class=\"col-md-5\">\n<div class=\"orange\">\n<div class=\"mobile-video\">\n<div class=\"mobile-play\"><img decoding=\"async\" src=\"https:\/\/smartcentre.joeyai.app\/wp-content\/themes\/smartcentres\/img\/careers\/video-thumb.jpg\" alt=\"Play video\"><\/div>\n<div class=\"video-wrapper\"><iframe id=\"home-video-2\" class=\"\" title=\"Home Video\" src=\"https:\/\/www.youtube.com\/embed\/uTEzh01blOc\" width=\"100%\" frameborder=\"0\" allowfullscreen=\"allowfullscreen\" data-ready=\"true\" autoplay=\"true\"><\/iframe><\/div>\n<\/div>\n<h4>Voici quelques-uns des avantages que nous offrons :<\/h4>\n<ul>\n<li>Reconnaissance des ann\u00e9es de service<\/li>\n<li>Plans de d\u00e9veloppement de carri\u00e8re<\/li>\n<li>Repas fournis par un traiteur<\/li>\n<li>Dons \u00e0 des \u0153uvres de bienfaisance<\/li>\n<li>Aide \u00e0 l\u2019\u00e9ducation<\/li>\n<li>Programme de recommandation d\u2019employ\u00e9s<\/li>\n<li>Longues fins de semaine<\/li>\n<li>Programme d\u2019auto-partage gratuit<\/li>\n<li>Assurance collective<\/li>\n<li>Rabais sur l\u2019abonnement \u00e0 un centre d\u2019entra\u00eenement<\/li>\n<li>C\u00e9l\u00e9brations des diff\u00e9rentes f\u00eates<\/li>\n<li>Rabais sur les assurances habitation et automobile<\/li>\n<li>Chiropraticien sur place<\/li>\n<li>Bonus bas\u00e9 sur le rendement<\/li>\n<li>\u00c9v\u00e9nements d\u2019\u00e9quipe<\/li>\n<li>S\u00e9ances de formation<\/li>\n<li>Programme de bien-\u00eatre<\/li>\n<li>Pauses yoga et \u00e9tirements<\/li>\n<\/ul>\n<\/div>\n<\/div>\n<\/div>\n<\/div>\n","protected":false},"excerpt":{"rendered":"<p>&nbsp; SmartCentres est un employeur qui respecte le principe de l\u2019\u00e9galit\u00e9 des chances et qui [&hellip;]<\/p>\n","protected":false},"author":1,"featured_media":0,"parent":0,"menu_order":0,"comment_status":"closed","ping_status":"closed","template":"templates\/template-careers.php","meta":{"footnotes":""},"class_list":["post-1435","page","type-page","status-publish","hentry"],"yoast_head":"<!-- This site is optimized with the Yoast SEO plugin v25.0 - https:\/\/yoast.com\/wordpress\/plugins\/seo\/ -->\r\n<title>Carri\u00e8res - Smart Centres<\/title>\r\n<meta name=\"robots\" content=\"index, follow, max-snippet:-1, max-image-preview:large, max-video-preview:-1\" \/>\r\n<link rel=\"canonical\" href=\"https:\/\/smartcentre.joeyai.app\/careers\/\" \/>\r\n<meta property=\"og:locale\" content=\"fr_FR\" \/>\r\n<meta property=\"og:type\" content=\"article\" \/>\r\n<meta property=\"og:title\" content=\"Carri\u00e8res - Smart Centres\" \/>\r\n<meta property=\"og:description\" content=\"&nbsp; SmartCentres est un employeur qui respecte le principe de l\u2019\u00e9galit\u00e9 des chances et qui [&hellip;]\" \/>\r\n<meta property=\"og:url\" content=\"https:\/\/smartcentre.joeyai.app\/careers\/\" \/>\r\n<meta property=\"og:site_name\" content=\"Smart Centres\" \/>\r\n<meta property=\"article:modified_time\" content=\"2022-09-27T18:36:06+00:00\" \/>\r\n<meta property=\"og:image\" content=\"https:\/\/smartcentre.joeyai.app\/wp-content\/themes\/smartcentres\/img\/careers\/inner.jpg\" \/>\r\n<meta name=\"twitter:card\" content=\"summary_large_image\" \/>\r\n<meta name=\"twitter:label1\" content=\"Dur\u00e9e de lecture estim\u00e9e\" \/>\n\t<meta name=\"twitter:data1\" content=\"3 minutes\" \/>\r\n<script type=\"application\/ld+json\" class=\"yoast-schema-graph\">{\"@context\":\"https:\/\/schema.org\",\"@graph\":[{\"@type\":\"WebPage\",\"@id\":\"https:\/\/smartcentre.joeyai.app\/careers\/\",\"url\":\"https:\/\/smartcentre.joeyai.app\/careers\/\",\"name\":\"Carri\u00e8res - Smart Centres\",\"isPartOf\":{\"@id\":\"https:\/\/smartcentre.joeyai.app\/#website\"},\"primaryImageOfPage\":{\"@id\":\"https:\/\/smartcentre.joeyai.app\/careers\/#primaryimage\"},\"image\":{\"@id\":\"https:\/\/smartcentre.joeyai.app\/careers\/#primaryimage\"},\"thumbnailUrl\":\"https:\/\/smartcentre.joeyai.app\/wp-content\/themes\/smartcentres\/img\/careers\/inner.jpg\",\"datePublished\":\"2022-01-04T10:17:55+00:00\",\"dateModified\":\"2022-09-27T18:36:06+00:00\",\"breadcrumb\":{\"@id\":\"https:\/\/smartcentre.joeyai.app\/careers\/#breadcrumb\"},\"inLanguage\":\"fr-FR\",\"potentialAction\":[{\"@type\":\"ReadAction\",\"target\":[\"https:\/\/smartcentre.joeyai.app\/careers\/\"]}]},{\"@type\":\"ImageObject\",\"inLanguage\":\"fr-FR\",\"@id\":\"https:\/\/smartcentre.joeyai.app\/careers\/#primaryimage\",\"url\":\"https:\/\/smartcentre.joeyai.app\/wp-content\/themes\/smartcentres\/img\/careers\/inner.jpg\",\"contentUrl\":\"https:\/\/smartcentre.joeyai.app\/wp-content\/themes\/smartcentres\/img\/careers\/inner.jpg\"},{\"@type\":\"BreadcrumbList\",\"@id\":\"https:\/\/smartcentre.joeyai.app\/careers\/#breadcrumb\",\"itemListElement\":[{\"@type\":\"ListItem\",\"position\":1,\"name\":\"Home\",\"item\":\"https:\/\/smartcentre.joeyai.app\/\"},{\"@type\":\"ListItem\",\"position\":2,\"name\":\"Carri\u00e8res\"}]},{\"@type\":\"WebSite\",\"@id\":\"https:\/\/smartcentre.joeyai.app\/#website\",\"url\":\"https:\/\/smartcentre.joeyai.app\/\",\"name\":\"Smart Centres\",\"description\":\"Real Estate Investment Trust\",\"potentialAction\":[{\"@type\":\"SearchAction\",\"target\":{\"@type\":\"EntryPoint\",\"urlTemplate\":\"https:\/\/smartcentre.joeyai.app\/?s={search_term_string}\"},\"query-input\":{\"@type\":\"PropertyValueSpecification\",\"valueRequired\":true,\"valueName\":\"search_term_string\"}}],\"inLanguage\":\"fr-FR\"}]}<\/script>\r\n<!-- \/ Yoast SEO plugin. -->","yoast_head_json":{"title":"Carri\u00e8res - Smart Centres","robots":{"index":"index","follow":"follow","max-snippet":"max-snippet:-1","max-image-preview":"max-image-preview:large","max-video-preview":"max-video-preview:-1"},"canonical":"https:\/\/smartcentre.joeyai.app\/careers\/","og_locale":"fr_FR","og_type":"article","og_title":"Carri\u00e8res - Smart Centres","og_description":"&nbsp; SmartCentres est un employeur qui respecte le principe de l\u2019\u00e9galit\u00e9 des chances et qui [&hellip;]","og_url":"https:\/\/smartcentre.joeyai.app\/careers\/","og_site_name":"Smart Centres","article_modified_time":"2022-09-27T18:36:06+00:00","og_image":[{"url":"https:\/\/smartcentre.joeyai.app\/wp-content\/themes\/smartcentres\/img\/careers\/inner.jpg","type":"","width":"","height":""}],"twitter_card":"summary_large_image","twitter_misc":{"Dur\u00e9e de lecture estim\u00e9e":"3 minutes"},"schema":{"@context":"https:\/\/schema.org","@graph":[{"@type":"WebPage","@id":"https:\/\/smartcentre.joeyai.app\/careers\/","url":"https:\/\/smartcentre.joeyai.app\/careers\/","name":"Carri\u00e8res - Smart Centres","isPartOf":{"@id":"https:\/\/smartcentre.joeyai.app\/#website"},"primaryImageOfPage":{"@id":"https:\/\/smartcentre.joeyai.app\/careers\/#primaryimage"},"image":{"@id":"https:\/\/smartcentre.joeyai.app\/careers\/#primaryimage"},"thumbnailUrl":"https:\/\/smartcentre.joeyai.app\/wp-content\/themes\/smartcentres\/img\/careers\/inner.jpg","datePublished":"2022-01-04T10:17:55+00:00","dateModified":"2022-09-27T18:36:06+00:00","breadcrumb":{"@id":"https:\/\/smartcentre.joeyai.app\/careers\/#breadcrumb"},"inLanguage":"fr-FR","potentialAction":[{"@type":"ReadAction","target":["https:\/\/smartcentre.joeyai.app\/careers\/"]}]},{"@type":"ImageObject","inLanguage":"fr-FR","@id":"https:\/\/smartcentre.joeyai.app\/careers\/#primaryimage","url":"https:\/\/smartcentre.joeyai.app\/wp-content\/themes\/smartcentres\/img\/careers\/inner.jpg","contentUrl":"https:\/\/smartcentre.joeyai.app\/wp-content\/themes\/smartcentres\/img\/careers\/inner.jpg"},{"@type":"BreadcrumbList","@id":"https:\/\/smartcentre.joeyai.app\/careers\/#breadcrumb","itemListElement":[{"@type":"ListItem","position":1,"name":"Home","item":"https:\/\/smartcentre.joeyai.app\/"},{"@type":"ListItem","position":2,"name":"Carri\u00e8res"}]},{"@type":"WebSite","@id":"https:\/\/smartcentre.joeyai.app\/#website","url":"https:\/\/smartcentre.joeyai.app\/","name":"Smart Centres","description":"Real Estate Investment Trust","potentialAction":[{"@type":"SearchAction","target":{"@type":"EntryPoint","urlTemplate":"https:\/\/smartcentre.joeyai.app\/?s={search_term_string}"},"query-input":{"@type":"PropertyValueSpecification","valueRequired":true,"valueName":"search_term_string"}}],"inLanguage":"fr-FR"}]}},"_links":{"self":[{"href":"https:\/\/smartcentre.joeyai.app\/fr\/wp-json\/wp\/v2\/pages\/1435","targetHints":{"allow":["GET"]}}],"collection":[{"href":"https:\/\/smartcentre.joeyai.app\/fr\/wp-json\/wp\/v2\/pages"}],"about":[{"href":"https:\/\/smartcentre.joeyai.app\/fr\/wp-json\/wp\/v2\/types\/page"}],"author":[{"embeddable":true,"href":"https:\/\/smartcentre.joeyai.app\/fr\/wp-json\/wp\/v2\/users\/1"}],"replies":[{"embeddable":true,"href":"https:\/\/smartcentre.joeyai.app\/fr\/wp-json\/wp\/v2\/comments?post=1435"}],"version-history":[{"count":2,"href":"https:\/\/smartcentre.joeyai.app\/fr\/wp-json\/wp\/v2\/pages\/1435\/revisions"}],"predecessor-version":[{"id":18258,"href":"https:\/\/smartcentre.joeyai.app\/fr\/wp-json\/wp\/v2\/pages\/1435\/revisions\/18258"}],"wp:attachment":[{"href":"https:\/\/smartcentre.joeyai.app\/fr\/wp-json\/wp\/v2\/media?parent=1435"}],"curies":[{"name":"wp","href":"https:\/\/api.w.org\/{rel}","templated":true}]}}