{"id":1593,"date":"2022-01-18T23:16:31","date_gmt":"2022-01-19T04:16:31","guid":{"rendered":"https:\/\/smartcentre.joeyai.app\/?page_id=1593"},"modified":"2022-04-29T02:13:19","modified_gmt":"2022-04-29T06:13:19","slug":"nous-contacter","status":"publish","type":"page","link":"https:\/\/smartcentre.joeyai.app\/fr\/nous-contacter\/","title":{"rendered":"Nous Contacter"},"content":{"rendered":"<div class=\"wrapper pt-4\">\n<h1 class=\"big-txt pb-4 ultra\">Nous Contacter<span class=\"dot\">.<\/span><\/h1>\n<\/div>\n<div class=\"office\">\n<div><img loading=\"lazy\" decoding=\"async\" class=\"d-none d-sm-block alignnone\" src=\"https:\/\/smartcentre.joeyai.app\/wp-content\/themes\/smartcentres\/img\/contact\/vaughan.jpg\" alt=\"\" width=\"1156\" height=\"300\"><img loading=\"lazy\" decoding=\"async\" class=\"d-sm-none alignnone wp-image-17686\" src=\"https:\/\/smartcentre.joeyai.app\/wp-content\/uploads\/2022\/04\/shutterstock_1725788191.jpg\" alt=\"\" width=\"390\" height=\"163\" srcset=\"https:\/\/smartcentre.joeyai.app\/wp-content\/uploads\/2022\/04\/shutterstock_1725788191.jpg 390w, https:\/\/smartcentre.joeyai.app\/wp-content\/uploads\/2022\/04\/shutterstock_1725788191-300x125.jpg 300w\" sizes=\"auto, (max-width: 390px) 100vw, 390px\" \/><\/div>\n<div class=\"content\">\n<h4>SI\u00c8GE SOCIAL<\/h4>\n<p><a href=\"https:\/\/goo.gl\/maps\/9tqGuRZSe6ts2s6h9\" target=\"_blank\" rel=\"noopener\">3200 Highway 7<br>Vaughan (Ont.)<br>L4K 5Z5<\/a><\/p>\n<p class=\"mt-3 mt-sm-4\"><a href=\"tel:+19053266400\">T\u00c9L. 905 326-6400<\/a><\/p>\n<p>T\u00c9L\u00c9C. 905 326-0783<\/p>\n<\/div>\n<\/div>\n<div class=\"office\">\n<div><img loading=\"lazy\" decoding=\"async\" class=\"d-none d-sm-block alignnone\" src=\"https:\/\/smartcentre.joeyai.app\/wp-content\/themes\/smartcentres\/img\/contact\/montreal.jpg\" alt=\"\" width=\"1156\" height=\"300\"><img loading=\"lazy\" decoding=\"async\" class=\"d-sm-none alignnone wp-image-17691\" src=\"https:\/\/smartcentre.joeyai.app\/wp-content\/uploads\/2022\/04\/shutterstock_140375668-1.jpg\" alt=\"\" width=\"390\" height=\"163\"><\/div>\n<div class=\"content\">\n<h4>BUREAU DE MONTR\u00c9AL<\/h4>\n<p><a href=\"https:\/\/goo.gl\/maps\/bWSYc6dAT7P3vV7Y6\" target=\"_blank\" rel=\"noopener\">202-395 Boul. Ste-Croix<br>Montr\u00e9al (Qc)<br>H4N 2L3<\/a><\/p>\n<p class=\"mt-3 mt-sm-4\"><a href=\"tel:+15147388383\">T\u00c9L. 514 738-8383<\/a><\/p>\n<p>T\u00c9L\u00c9C. 514 738-7900<\/p>\n<\/div>\n<\/div>\n<div class=\"office\">\n<div><img loading=\"lazy\" decoding=\"async\" class=\"d-none d-sm-block alignnone\" src=\"https:\/\/smartcentre.joeyai.app\/wp-content\/themes\/smartcentres\/img\/contact\/richmond.jpg\" alt=\"\" width=\"1156\" height=\"300\"><img loading=\"lazy\" decoding=\"async\" class=\"d-sm-none alignnone wp-image-17689\" src=\"https:\/\/smartcentre.joeyai.app\/wp-content\/uploads\/2022\/04\/shutterstock_1171235374.jpg\" alt=\"\" width=\"390\" height=\"163\" srcset=\"https:\/\/smartcentre.joeyai.app\/wp-content\/uploads\/2022\/04\/shutterstock_1171235374.jpg 390w, https:\/\/smartcentre.joeyai.app\/wp-content\/uploads\/2022\/04\/shutterstock_1171235374-300x125.jpg 300w\" sizes=\"auto, (max-width: 390px) 100vw, 390px\" \/><\/div>\n<div class=\"content\">\n<h4>BUREAU DE RICHMOND<\/h4>\n<p><a href=\"https:\/\/goo.gl\/maps\/9tqGuRZSe6ts2s6h9\" target=\"_blank\" rel=\"noopener\">#201 &#8211; 11120 Horseshoe Way<br>Richmond (C.-B.)<br>V7A 5H7<\/a><\/p>\n<p class=\"mt-3 mt-sm-4\"><a href=\"tel:+16044489112\">T\u00c9L. 604 448-9112<\/a><\/p>\n<p>T\u00c9L\u00c9C. 604 448-9114<\/p>\n<\/div>\n<\/div>\n<div class=\" pt-5 mt-sm-4\">\n<div class=\"wrapper\">\n<div class=\"row\">\n<div class=\"col-md-5\">\n<h4 class=\"ultra  mb-3\">LOCATION<span class=\"dot\">.<\/span><\/h4>\n<div class=\"mb-4\"><a class=\"button mb-2\" href=\"https:\/\/smartcentre.joeyai.app\/fr\/la-location\/opportunites-de-location\/\">OPPORTUNIT\u00c9S DE LOCATION<\/a> <a class=\"button\" href=\"https:\/\/smartcentre.joeyai.app\/fr\/la-location\/contact-location-commerciale\/\"> CONTACT\u2013LOCATION COMMERCIALE<\/a><\/div>\n<h4 class=\"ultra  mb-3 mt-5\">GESTION IMMOBILI\u00c8RE<span class=\"dot\">.<\/span><\/h4>\n<div class=\"row lease-manager g-0 mb-4\">\n<div class=\"col-sm-12\">\n<div class=\"row g-0\">\n<div class=\"info col-sm-6 col-sm-12\"><a class=\"phone\" href=\"tel:9053626500\">905 362-6500 x 7600<\/a><\/div>\n<div class=\"info col-sm-6 col-sm-12\"><a class=\"email\" href=\"mailto:propertymanagementinquires@smartcentres.com\">propertymanagementinquires@smartcentres.com<\/a><\/div>\n<\/div>\n<\/div>\n<\/div>\n<h4 class=\"ultra mb-3 mt-5\">RENSEIGNEMENTS G\u00c9N\u00c9RAUX<span class=\"dot\">.<\/span><\/h4>\n<div class=\"row lease-manager g-0 mb-4\">\n<div class=\"col-sm-12\">\n<div class=\"row g-0\">\n<div class=\"info col-sm-6 col-sm-12\"><a class=\"phone\" href=\"tel:9053266400\">905 326-6400<\/a><\/div>\n<div class=\"info col-sm-6 col-sm-12\"><a class=\"email\" href=\"mailto:info@smartcentres.com\">info@smartcentres.com<\/a><\/div>\n<\/div>\n<\/div>\n<\/div>\n<\/div>\n<div class=\"col-md-1\">&nbsp;<\/div>\n<div class=\"col-md-6\">\n<h4 class=\"ultra mb-3 \">RELATIONS AVEC LES INVESTISSEURS<span class=\"dot\">.<\/span><\/h4>\n<div class=\"row lease-manager g-0 mb-4\">\n<div class=\"col-sm-7\">\n<div class=\"p-4\">\n<h5 class=\"mb-3 text-uppercase\">Directeur des finances<\/h5>\n<h4 class=\"mb-0\">Peter Sweeney<\/h4>\n<\/div>\n<\/div>\n<div class=\"col-sm-5\">\n<div class=\"row g-0\">\n<div class=\"info alt col-sm-6 col-sm-12\"><a class=\"phone\" href=\"tel:9053266400\">905 326-6400 x 7865<\/a><\/div>\n<div class=\"info alt col-sm-6 col-sm-12\"><a class=\"email\" href=\"mailto:psweeny@smartcentres.com\">courriel<\/a><\/div>\n<\/div>\n<\/div>\n<\/div>\n<p class=\"small px-4\">Registrar et agent de transfer: Computershare Trust Company of Canada<\/p>\n<h4 class=\"ultra mb-3 mt-5\">DEMANDES &nbsp;M\u00c9DIAS<span class=\"dot\">.<\/span><\/h4>\n<div class=\"row lease-manager g-0 mb-4\">\n<div class=\"col-sm-12\">\n<div class=\"row g-0\">\n<div class=\"info col-sm-6 col-sm-12\"><a class=\"email\" href=\"mailto:info@smartcentres.com\"> media@smartcentres.com <\/a><\/div>\n<\/div>\n<\/div>\n<\/div>\n<\/div>\n<\/div>\n<\/div>\n<\/div>\n<div>\r\n<div class=\"contact-us-section\">\r\n<h2 class=\"text-uppercase\">Echangez avec nous.<span class=\"dot\">.<\/span><\/h2>\r\n\r\n<div class=\"mt-4 mt-sm-5\">\r\n  <script type=\"text\/javascript\">var gform;gform||(document.addEventListener(\"gform_main_scripts_loaded\",function(){gform.scriptsLoaded=!0}),window.addEventListener(\"DOMContentLoaded\",function(){gform.domLoaded=!0}),gform={domLoaded:!1,scriptsLoaded:!1,initializeOnLoaded:function(o){gform.domLoaded&&gform.scriptsLoaded?o():!gform.domLoaded&&gform.scriptsLoaded?window.addEventListener(\"DOMContentLoaded\",o):document.addEventListener(\"gform_main_scripts_loaded\",o)},hooks:{action:{},filter:{}},addAction:function(o,n,r,t){gform.addHook(\"action\",o,n,r,t)},addFilter:function(o,n,r,t){gform.addHook(\"filter\",o,n,r,t)},doAction:function(o){gform.doHook(\"action\",o,arguments)},applyFilters:function(o){return gform.doHook(\"filter\",o,arguments)},removeAction:function(o,n){gform.removeHook(\"action\",o,n)},removeFilter:function(o,n,r){gform.removeHook(\"filter\",o,n,r)},addHook:function(o,n,r,t,i){null==gform.hooks[o][n]&&(gform.hooks[o][n]=[]);var e=gform.hooks[o][n];null==i&&(i=n+\"_\"+e.length),gform.hooks[o][n].push({tag:i,callable:r,priority:t=null==t?10:t})},doHook:function(n,o,r){var t;if(r=Array.prototype.slice.call(r,1),null!=gform.hooks[n][o]&&((o=gform.hooks[n][o]).sort(function(o,n){return o.priority-n.priority}),o.forEach(function(o){\"function\"!=typeof(t=o.callable)&&(t=window[t]),\"action\"==n?t.apply(null,r):r[0]=t.apply(null,r)})),\"filter\"==n)return r[0]},removeHook:function(o,n,t,i){var r;null!=gform.hooks[o][n]&&(r=(r=gform.hooks[o][n]).filter(function(o,n,r){return!!(null!=i&&i!=o.tag||null!=t&&t!=o.priority)}),gform.hooks[o][n]=r)}});<\/script>\n                <div class='gf_browser_gecko gform_wrapper gravity-theme external-form_wrapper contact-form_wrapper' id='gform_wrapper_5' >\n                        <div class='gform_heading'>\n                            <span class='gform_description'><\/span>\n                        <\/div><form method='post' enctype='multipart\/form-data'  id='gform_5' class='external-form contact-form' action='\/fr\/wp-json\/wp\/v2\/pages\/1593' >\n                        <div class='gform_body gform-body'><div id='gform_fields_5' class='gform_fields top_label form_sublabel_below description_below'><div id=\"field_5_1\"  class=\"gfield gfield--width-half gfield_contains_required field_sublabel_below field_description_below hidden_label gfield_visibility_visible\"  data-js-reload=\"field_5_1\"><label class='gfield_label' for='input_5_1' >Pr\u00e9nom<span class=\"gfield_required\"><span class=\"gfield_required gfield_required_text\">(N\u00e9cessaire)<\/span><\/span><\/label><div class='ginput_container ginput_container_text'><input name='input_1' id='input_5_1' type='text' value='' class='large'    placeholder='Pr\u00e9nom' aria-required=\"true\" aria-invalid=\"false\"   \/> <\/div><\/div><div id=\"field_5_5\"  class=\"gfield gfield--width-five-twelfths textarea-side field_sublabel_below field_description_below hidden_label gfield_visibility_visible\"  data-js-reload=\"field_5_5\"><label class='gfield_label' for='input_5_5' >Clavardons<\/label><div class='ginput_container ginput_container_textarea'><textarea name='input_5' id='input_5_5' class='textarea medium'    placeholder='Clavardons'  aria-invalid=\"false\"   rows='10' cols='50'><\/textarea><\/div><\/div><div class=\"spacer gfield\" style=\"grid-column: span 1;\"><\/div><div id=\"field_5_2\"  class=\"gfield gfield--width-half gfield_contains_required field_sublabel_below field_description_below hidden_label gfield_visibility_visible\"  data-js-reload=\"field_5_2\"><label class='gfield_label' for='input_5_2' >Nom de famille<span class=\"gfield_required\"><span class=\"gfield_required gfield_required_text\">(N\u00e9cessaire)<\/span><\/span><\/label><div class='ginput_container ginput_container_text'><input name='input_2' id='input_5_2' type='text' value='' class='large'    placeholder='Nom de famille' aria-required=\"true\" aria-invalid=\"false\"   \/> <\/div><\/div><div class=\"spacer gfield\" style=\"grid-column: span 6;\"><\/div><div id=\"field_5_3\"  class=\"gfield gfield--width-half gfield_contains_required field_sublabel_below field_description_below hidden_label gfield_visibility_visible\"  data-js-reload=\"field_5_3\"><label class='gfield_label' for='input_5_3' >Courriel<span class=\"gfield_required\"><span class=\"gfield_required gfield_required_text\">(N\u00e9cessaire)<\/span><\/span><\/label><div class='ginput_container ginput_container_email'>\n                            <input name='input_3' id='input_5_3' type='text' value='' class='large'   placeholder='Courriel' aria-required=\"true\" aria-invalid=\"false\"  \/>\n                        <\/div><\/div><div class=\"spacer gfield\" style=\"grid-column: span 6;\"><\/div><div id=\"field_5_4\"  class=\"gfield gfield--width-half form-select-control gfield_contains_required field_sublabel_below field_description_below hidden_label gfield_visibility_visible\"  data-js-reload=\"field_5_4\"><label class='gfield_label' for='input_5_4' >Type de demande<span class=\"gfield_required\"><span class=\"gfield_required gfield_required_text\">(N\u00e9cessaire)<\/span><\/span><\/label><div class='ginput_container ginput_container_select'><select name='input_4' id='input_5_4' class='large gfield_select'    aria-required=\"true\" aria-invalid=\"false\" ><option value='' selected='selected' class='gf_placeholder'>Type de demande<\/option><option value='General Corporate Inquiry' >General Corporate Inquiry<\/option><option value='Investor Relations' >Investor Relations<\/option><option value='Leasing Inquiry' >Leasing Inquiry<\/option><option value='Centre specific inquiries' >Centre specific inquiries<\/option><option value='Media Inquiry' >Media Inquiry<\/option><option value='Penguin PickUp' >Penguin PickUp<\/option><\/select><\/div><\/div><div class=\"spacer gfield\" style=\"grid-column: span 6;\"><\/div><fieldset id=\"field_5_6\"  class=\"gfield gfield--width-full gfield_contains_required field_sublabel_below field_description_below hidden_label gfield_visibility_visible\"  data-js-reload=\"field_5_6\"><legend class='gfield_label gfield_label_before_complex'  >Consent<span class=\"gfield_required\"><span class=\"gfield_required gfield_required_text\">(N\u00e9cessaire)<\/span><\/span><\/legend><div class='ginput_container ginput_container_consent'><input name='input_6.1' id='input_5_6_1' type='checkbox' value='1'   aria-required=\"true\" aria-invalid=\"false\"   \/> <label class=\"gfield_consent_label\" for='input_5_6_1' >Je consens \u00e0 recevoir de futures communications de la part de SmartCentres FPI. Je comprends que mes renseignements personnels sont strictement prot\u00e9g\u00e9s et que je peux choisir en tout temps de ne plus recevoir ces communications.<\/label><span class=\"gfield_required gfield_required_text\">(N\u00e9cessaire)<\/span><input type='hidden' name='input_6.2' value='Je consens \u00e0 recevoir de futures communications de la part de SmartCentres FPI. Je comprends que mes renseignements personnels sont strictement prot\u00e9g\u00e9s et que je peux choisir en tout temps de ne plus recevoir ces communications.' class='gform_hidden' \/><input type='hidden' name='input_6.3' value='5' class='gform_hidden' \/><\/div><\/fieldset><div id=\"field_5_7\"  class=\"gfield field_sublabel_below field_description_below hidden_label gfield_visibility_visible\"  data-js-reload=\"field_5_7\"><label class='gfield_label' for='input_5_7' >CAPTCHA<\/label><div id='input_5_7' class='ginput_container ginput_recaptcha' data-sitekey='6Lf-oIoUAAAAAHDrC4tJZmGCZhirqD8ao_foOenk'  data-theme='light' data-tabindex='-1' data-size='invisible' data-badge='bottomright'><\/div><\/div><\/div><\/div>\n        <div class='gform_footer top_label'> <input type='submit' id='gform_submit_button_5' class='gform_button button' value='SOUMETTRE'  onclick='if(window[\"gf_submitting_5\"]){return false;}  window[\"gf_submitting_5\"]=true;  ' onkeypress='if( event.keyCode == 13 ){ if(window[\"gf_submitting_5\"]){return false;} window[\"gf_submitting_5\"]=true;  jQuery(\"#gform_5\").trigger(\"submit\",[true]); }' \/> \n            <input type='hidden' class='gform_hidden' name='is_submit_5' value='1' \/>\n            <input type='hidden' class='gform_hidden' name='gform_submit' value='5' \/>\n            \n            <input type='hidden' class='gform_hidden' name='gform_unique_id' value='' \/>\n            <input type='hidden' class='gform_hidden' name='state_5' value='WyJ7XCI2LjFcIjpcIjU3MjYyZmY1OTEwM2M1M2Y1MGFmYTQzYTJiOWM2MmVjXCIsXCI2LjJcIjpcIjc2OWU4OGU3OTA2ZDMwMDkyOTBlODY4NThhY2Q5MzhmXCIsXCI2LjNcIjpcIjQyYmRiMjU5MWU1YmQ1MTk0YzhiYzkxMjcwMTUyOTFkXCJ9IiwiZWFkMTNiZGRiYjUxNGM4OGRlNzZlZGFiZmQ2YjA3ZDMiXQ==' \/>\n            <input type='hidden' class='gform_hidden' name='gform_target_page_number_5' id='gform_target_page_number_5' value='0' \/>\n            <input type='hidden' class='gform_hidden' name='gform_source_page_number_5' id='gform_source_page_number_5' value='1' \/>\n            <input type='hidden' name='gform_field_values' value='' \/>\n            \n        <\/div>\n                        <\/form>\n                        <\/div><\/div>\r\n\r\n<\/div>\r\n<style media=\"screen\">\r\n  footer {\r\n    margin-top: -20px;\r\n  }\r\n<\/style>\r\n<\/div>\n\n\n<p><\/p>\n","protected":false},"excerpt":{"rendered":"<p>Nous Contacter. SI\u00c8GE SOCIAL 3200 Highway 7Vaughan (Ont.)L4K 5Z5 T\u00c9L. 905 326-6400 T\u00c9L\u00c9C. 905 326-0783 [&hellip;]<\/p>\n","protected":false},"author":1,"featured_media":0,"parent":0,"menu_order":0,"comment_status":"closed","ping_status":"closed","template":"templates\/template-general.php","meta":{"footnotes":""},"class_list":["post-1593","page","type-page","status-publish","hentry"],"yoast_head":"<!-- This site is optimized with the Yoast SEO plugin v25.0 - https:\/\/yoast.com\/wordpress\/plugins\/seo\/ -->\r\n<title>Nous Contacter - Smart Centres<\/title>\r\n<meta name=\"robots\" content=\"index, follow, max-snippet:-1, max-image-preview:large, max-video-preview:-1\" \/>\r\n<link rel=\"canonical\" href=\"https:\/\/smartcentre.joeyai.app\/contact-us\/\" \/>\r\n<meta property=\"og:locale\" content=\"fr_FR\" \/>\r\n<meta property=\"og:type\" content=\"article\" \/>\r\n<meta property=\"og:title\" content=\"Nous Contacter - Smart Centres\" \/>\r\n<meta property=\"og:description\" content=\"Nous Contacter. SI\u00c8GE SOCIAL 3200 Highway 7Vaughan (Ont.)L4K 5Z5 T\u00c9L. 905 326-6400 T\u00c9L\u00c9C. 905 326-0783 [&hellip;]\" \/>\r\n<meta property=\"og:url\" content=\"https:\/\/smartcentre.joeyai.app\/contact-us\/\" \/>\r\n<meta property=\"og:site_name\" content=\"Smart Centres\" \/>\r\n<meta property=\"article:modified_time\" content=\"2022-04-29T06:13:19+00:00\" \/>\r\n<meta property=\"og:image\" content=\"https:\/\/smartcentre.joeyai.app\/wp-content\/themes\/smartcentres\/img\/contact\/vaughan.jpg\" \/>\r\n<meta name=\"twitter:card\" content=\"summary_large_image\" \/>\r\n<meta name=\"twitter:label1\" content=\"Dur\u00e9e de lecture estim\u00e9e\" \/>\n\t<meta name=\"twitter:data1\" content=\"1 minute\" \/>\r\n<script type=\"application\/ld+json\" class=\"yoast-schema-graph\">{\"@context\":\"https:\/\/schema.org\",\"@graph\":[{\"@type\":\"WebPage\",\"@id\":\"https:\/\/smartcentre.joeyai.app\/contact-us\/\",\"url\":\"https:\/\/smartcentre.joeyai.app\/contact-us\/\",\"name\":\"Nous Contacter - Smart Centres\",\"isPartOf\":{\"@id\":\"https:\/\/smartcentre.joeyai.app\/#website\"},\"primaryImageOfPage\":{\"@id\":\"https:\/\/smartcentre.joeyai.app\/contact-us\/#primaryimage\"},\"image\":{\"@id\":\"https:\/\/smartcentre.joeyai.app\/contact-us\/#primaryimage\"},\"thumbnailUrl\":\"https:\/\/smartcentre.joeyai.app\/wp-content\/themes\/smartcentres\/img\/contact\/vaughan.jpg\",\"datePublished\":\"2022-01-19T04:16:31+00:00\",\"dateModified\":\"2022-04-29T06:13:19+00:00\",\"breadcrumb\":{\"@id\":\"https:\/\/smartcentre.joeyai.app\/contact-us\/#breadcrumb\"},\"inLanguage\":\"fr-FR\",\"potentialAction\":[{\"@type\":\"ReadAction\",\"target\":[\"https:\/\/smartcentre.joeyai.app\/contact-us\/\"]}]},{\"@type\":\"ImageObject\",\"inLanguage\":\"fr-FR\",\"@id\":\"https:\/\/smartcentre.joeyai.app\/contact-us\/#primaryimage\",\"url\":\"https:\/\/smartcentre.joeyai.app\/wp-content\/themes\/smartcentres\/img\/contact\/vaughan.jpg\",\"contentUrl\":\"https:\/\/smartcentre.joeyai.app\/wp-content\/themes\/smartcentres\/img\/contact\/vaughan.jpg\"},{\"@type\":\"BreadcrumbList\",\"@id\":\"https:\/\/smartcentre.joeyai.app\/contact-us\/#breadcrumb\",\"itemListElement\":[{\"@type\":\"ListItem\",\"position\":1,\"name\":\"Home\",\"item\":\"https:\/\/smartcentre.joeyai.app\/\"},{\"@type\":\"ListItem\",\"position\":2,\"name\":\"Nous Contacter\"}]},{\"@type\":\"WebSite\",\"@id\":\"https:\/\/smartcentre.joeyai.app\/#website\",\"url\":\"https:\/\/smartcentre.joeyai.app\/\",\"name\":\"Smart Centres\",\"description\":\"Real Estate Investment Trust\",\"potentialAction\":[{\"@type\":\"SearchAction\",\"target\":{\"@type\":\"EntryPoint\",\"urlTemplate\":\"https:\/\/smartcentre.joeyai.app\/?s={search_term_string}\"},\"query-input\":{\"@type\":\"PropertyValueSpecification\",\"valueRequired\":true,\"valueName\":\"search_term_string\"}}],\"inLanguage\":\"fr-FR\"}]}<\/script>\r\n<!-- \/ Yoast SEO plugin. -->","yoast_head_json":{"title":"Nous Contacter - Smart Centres","robots":{"index":"index","follow":"follow","max-snippet":"max-snippet:-1","max-image-preview":"max-image-preview:large","max-video-preview":"max-video-preview:-1"},"canonical":"https:\/\/smartcentre.joeyai.app\/contact-us\/","og_locale":"fr_FR","og_type":"article","og_title":"Nous Contacter - Smart Centres","og_description":"Nous Contacter. SI\u00c8GE SOCIAL 3200 Highway 7Vaughan (Ont.)L4K 5Z5 T\u00c9L. 905 326-6400 T\u00c9L\u00c9C. 905 326-0783 [&hellip;]","og_url":"https:\/\/smartcentre.joeyai.app\/contact-us\/","og_site_name":"Smart Centres","article_modified_time":"2022-04-29T06:13:19+00:00","og_image":[{"url":"https:\/\/smartcentre.joeyai.app\/wp-content\/themes\/smartcentres\/img\/contact\/vaughan.jpg","type":"","width":"","height":""}],"twitter_card":"summary_large_image","twitter_misc":{"Dur\u00e9e de lecture estim\u00e9e":"1 minute"},"schema":{"@context":"https:\/\/schema.org","@graph":[{"@type":"WebPage","@id":"https:\/\/smartcentre.joeyai.app\/contact-us\/","url":"https:\/\/smartcentre.joeyai.app\/contact-us\/","name":"Nous Contacter - Smart Centres","isPartOf":{"@id":"https:\/\/smartcentre.joeyai.app\/#website"},"primaryImageOfPage":{"@id":"https:\/\/smartcentre.joeyai.app\/contact-us\/#primaryimage"},"image":{"@id":"https:\/\/smartcentre.joeyai.app\/contact-us\/#primaryimage"},"thumbnailUrl":"https:\/\/smartcentre.joeyai.app\/wp-content\/themes\/smartcentres\/img\/contact\/vaughan.jpg","datePublished":"2022-01-19T04:16:31+00:00","dateModified":"2022-04-29T06:13:19+00:00","breadcrumb":{"@id":"https:\/\/smartcentre.joeyai.app\/contact-us\/#breadcrumb"},"inLanguage":"fr-FR","potentialAction":[{"@type":"ReadAction","target":["https:\/\/smartcentre.joeyai.app\/contact-us\/"]}]},{"@type":"ImageObject","inLanguage":"fr-FR","@id":"https:\/\/smartcentre.joeyai.app\/contact-us\/#primaryimage","url":"https:\/\/smartcentre.joeyai.app\/wp-content\/themes\/smartcentres\/img\/contact\/vaughan.jpg","contentUrl":"https:\/\/smartcentre.joeyai.app\/wp-content\/themes\/smartcentres\/img\/contact\/vaughan.jpg"},{"@type":"BreadcrumbList","@id":"https:\/\/smartcentre.joeyai.app\/contact-us\/#breadcrumb","itemListElement":[{"@type":"ListItem","position":1,"name":"Home","item":"https:\/\/smartcentre.joeyai.app\/"},{"@type":"ListItem","position":2,"name":"Nous Contacter"}]},{"@type":"WebSite","@id":"https:\/\/smartcentre.joeyai.app\/#website","url":"https:\/\/smartcentre.joeyai.app\/","name":"Smart Centres","description":"Real Estate Investment Trust","potentialAction":[{"@type":"SearchAction","target":{"@type":"EntryPoint","urlTemplate":"https:\/\/smartcentre.joeyai.app\/?s={search_term_string}"},"query-input":{"@type":"PropertyValueSpecification","valueRequired":true,"valueName":"search_term_string"}}],"inLanguage":"fr-FR"}]}},"_links":{"self":[{"href":"https:\/\/smartcentre.joeyai.app\/fr\/wp-json\/wp\/v2\/pages\/1593","targetHints":{"allow":["GET"]}}],"collection":[{"href":"https:\/\/smartcentre.joeyai.app\/fr\/wp-json\/wp\/v2\/pages"}],"about":[{"href":"https:\/\/smartcentre.joeyai.app\/fr\/wp-json\/wp\/v2\/types\/page"}],"author":[{"embeddable":true,"href":"https:\/\/smartcentre.joeyai.app\/fr\/wp-json\/wp\/v2\/users\/1"}],"replies":[{"embeddable":true,"href":"https:\/\/smartcentre.joeyai.app\/fr\/wp-json\/wp\/v2\/comments?post=1593"}],"version-history":[{"count":0,"href":"https:\/\/smartcentre.joeyai.app\/fr\/wp-json\/wp\/v2\/pages\/1593\/revisions"}],"wp:attachment":[{"href":"https:\/\/smartcentre.joeyai.app\/fr\/wp-json\/wp\/v2\/media?parent=1593"}],"curies":[{"name":"wp","href":"https:\/\/api.w.org\/{rel}","templated":true}]}}