{"id":1768,"date":"2022-01-24T11:38:51","date_gmt":"2022-01-24T16:38:51","guid":{"rendered":"https:\/\/smartcentre.joeyai.app\/?page_id=1768"},"modified":"2022-01-24T11:38:53","modified_gmt":"2022-01-24T16:38:53","slug":"politique-de-denonciation","status":"publish","type":"page","link":"https:\/\/smartcentre.joeyai.app\/fr\/politique-de-denonciation\/","title":{"rendered":"Politique de d\u00e9nonciation"},"content":{"rendered":"\n<p>La pr\u00e9sente politique fournit un moyen par lequel un plaignant peut, de bonne foi, signaler un probl\u00e8me, une pr\u00e9occupation ou une activit\u00e9 inappropri\u00e9e en lien avec une violation grave. La Fiducie encourage ses collaborateurs, d\u00e9tenteurs de parts, partenaires d\u2019affaires, fournisseurs, contractants et\/ou consultants \u00e0 se sentir en confiance s\u2019ils soul\u00e8vent des pr\u00e9occupations s\u00e9rieuses et leur offre des fa\u00e7ons de faire part de leurs pr\u00e9occupations et de recevoir une r\u00e9troaction quant \u00e0 toute action prise en guise de r\u00e9sultat. Une Ligne d\u2019alerte (1 800 448-1693) a \u00e9t\u00e9 mise en place afin que les collaborateurs puissent appeler et faire \u00e9tat de leurs pr\u00e9occupations. L\u2019information \u00e0 ce sujet est pr\u00e9sent\u00e9e ci-dessous \u00e0 la rubrique \u00ab Signalement de tout enjeu ou pr\u00e9occupation \u00bb.<\/p>\n\n\n\n<p>Cette politique couvre les pr\u00e9occupations ou les plaintes des collaborateurs relatives \u00e0 des \u00ab Activit\u00e9s r\u00e9pr\u00e9hensibles \u00bb qui peuvent inclure, mais sans s\u2019y limiter, les activit\u00e9s suivantes :<\/p>\n\n\n\n<ul class=\"wp-block-list\"><li>Infraction criminelle<\/li><li>Violation de toute obligation l\u00e9gale ou l\u00e9gislation applicable \u00e0 la Fiducie<\/li><li>Violation du Code de conduite des affaires et toute action ou utilisation des ressources de la Fiducie aux fins personnelles de quiconque autre que la Fiducie<\/li><li>Vol, fraude ou toute autre activit\u00e9 criminelle<\/li><li>Conflit d\u2019int\u00e9r\u00eat ou tout autre comportement non \u00e9thique<\/li><li>Fraude ou erreurs comptables<\/li><li>D\u00e9ficience ou non-conformit\u00e9 au regard des contr\u00f4les internes de la Fiducie \u00e0 l\u2019\u00e9gard de l\u2019information financi\u00e8re<\/li><li>Fausse d\u00e9claration ou d\u00e9claration erron\u00e9e en mati\u00e8re d\u2019information financi\u00e8re<\/li><li>Erreur dans la pr\u00e9paration ou l\u2019examen des \u00e9tats financiers<\/li><li>Erreur dans l\u2019enregistrement et la tenue des dossiers financiers<\/li><li>Fausse d\u00e9claration ou d\u00e9claration mensong\u00e8re dans les dossiers financiers ou les \u00e9tats financiers<\/li><li>Fausse d\u00e9claration ou d\u00e9claration mensong\u00e8re aux v\u00e9rificateurs externes<\/li><li>Divergence par rapport aux rapports complets et \u00e0 la divulgation de la situation financi\u00e8re de la Fiducie<\/li><li>Danger pour la sant\u00e9 et la s\u00e9curit\u00e9 de toute personne ou de l\u2019environnement<\/li><li>Pr\u00e9occupation \u00e0 caract\u00e8re environnemental<\/li><li>D\u00e9ni de justice<\/li><li>Violation d\u2019une obligation l\u00e9gale<\/li><li>Toute tentative de cacher l\u2019une ou l\u2019autre de ces activit\u00e9s<\/li><\/ul>\n\n\n\n<p>En r\u00e9ponse \u00e0 une plainte, la Fiducie agira \u00e9quitablement \u00e0 l\u2019\u00e9gard de toute personne nomm\u00e9e dans la plainte, de la gravit\u00e9 de la question, de la cr\u00e9dibilit\u00e9 de l\u2019information ou des all\u00e9gations contenues dans la plainte pour effectuer une enqu\u00eate efficace.<\/p>\n\n\n\n<p>La Fiducie n\u2019exercera pas de repr\u00e9sailles contre un plaignant ayant fait \u00e9tat, en toute bonne foi, de violations graves de la pr\u00e9sente politique. \u00ab Bonne foi \u00bb signifie que le plaignant croit raisonnablement que la plainte est vraie et n\u2019a \u00e9t\u00e9 faite ni en vue d\u2019un gain personnel ni de toute arri\u00e8re-pens\u00e9e.<\/p>\n\n\n\n<h3 class=\"wp-block-heading\">NON-CONFORMIT\u00c9<\/h3>\n\n\n\n<p>Tout collaborateur qui viole cette politique est sujet \u00e0 des mesures disciplinaires qui peuvent inclure le renvoi imm\u00e9diat et des poursuites. Dans le cas des fiduciaires, une violation peut donner lieu \u00e0 une demande de d\u00e9mission du conseil d\u2019administration.<\/p>\n\n\n\n<h3 class=\"wp-block-heading\">SIGNALEMENT DE TOUT ENJEU OU PR\u00c9OCCUPATION<\/h3>\n\n\n\n<p>Le respect de cette politique est n\u00e9cessaire afin de se conformer au Code de conduite des affaires et \u00e0 ses directives, qui soutiennent l\u2019engagement de la Fiducie envers la dignit\u00e9 et le respect comme conditions d\u2019emploi. Si vous croyez avoir peut-\u00eatre enfreint, ou que quelqu\u2019un d\u2019autre a enfreint cette politique, vous avez la responsabilit\u00e9 et l\u2019obligation, envers la Fiducie, vos coll\u00e8gues et vous-m\u00eame de signaler tout probl\u00e8me ou irr\u00e9gularit\u00e9.<\/p>\n\n\n\n<p>\u00c0 tout moment, si un collaborateur est incertain quant \u00e0 la conduite \u00e0 adopter, il devrait demander conseil \u00e0 son gestionnaire ou \u00e0 un cadre sup\u00e9rieur, le cas \u00e9ch\u00e9ant et conform\u00e9ment \u00e0 la Politique de porte ouverte. Alternativement, les collaborateurs peuvent signaler toute violation pr\u00e9sum\u00e9e du Code de conduite des affaires par t\u00e9l\u00e9phone \u00e0 la Ligne d\u2019alerte confidentielle en composant le num\u00e9ro sans frais 1 800 448-1693.<\/p>\n","protected":false},"excerpt":{"rendered":"<p>La pr\u00e9sente politique fournit un moyen par lequel un plaignant peut, de bonne foi, signaler [&hellip;]<\/p>\n","protected":false},"author":1,"featured_media":0,"parent":0,"menu_order":0,"comment_status":"closed","ping_status":"closed","template":"","meta":{"footnotes":""},"class_list":["post-1768","page","type-page","status-publish","hentry"],"yoast_head":"<!-- This site is optimized with the Yoast SEO plugin v25.0 - https:\/\/yoast.com\/wordpress\/plugins\/seo\/ -->\r\n<title>Politique de d\u00e9nonciation - Smart Centres<\/title>\r\n<meta name=\"robots\" content=\"index, follow, max-snippet:-1, max-image-preview:large, max-video-preview:-1\" \/>\r\n<link rel=\"canonical\" href=\"https:\/\/smartcentre.joeyai.app\/whistle-blowing\/\" \/>\r\n<meta property=\"og:locale\" content=\"fr_FR\" \/>\r\n<meta property=\"og:type\" content=\"article\" \/>\r\n<meta property=\"og:title\" content=\"Politique de d\u00e9nonciation - Smart Centres\" \/>\r\n<meta property=\"og:description\" content=\"La pr\u00e9sente politique fournit un moyen par lequel un plaignant peut, de bonne foi, signaler [&hellip;]\" \/>\r\n<meta property=\"og:url\" content=\"https:\/\/smartcentre.joeyai.app\/whistle-blowing\/\" \/>\r\n<meta property=\"og:site_name\" content=\"Smart Centres\" \/>\r\n<meta property=\"article:modified_time\" content=\"2022-01-24T16:38:53+00:00\" \/>\r\n<meta name=\"twitter:card\" content=\"summary_large_image\" \/>\r\n<meta name=\"twitter:label1\" content=\"Dur\u00e9e de lecture estim\u00e9e\" \/>\n\t<meta name=\"twitter:data1\" content=\"3 minutes\" \/>\r\n<script type=\"application\/ld+json\" class=\"yoast-schema-graph\">{\"@context\":\"https:\/\/schema.org\",\"@graph\":[{\"@type\":\"WebPage\",\"@id\":\"https:\/\/smartcentre.joeyai.app\/whistle-blowing\/\",\"url\":\"https:\/\/smartcentre.joeyai.app\/whistle-blowing\/\",\"name\":\"Politique de d\u00e9nonciation - Smart Centres\",\"isPartOf\":{\"@id\":\"https:\/\/smartcentre.joeyai.app\/#website\"},\"datePublished\":\"2022-01-24T16:38:51+00:00\",\"dateModified\":\"2022-01-24T16:38:53+00:00\",\"breadcrumb\":{\"@id\":\"https:\/\/smartcentre.joeyai.app\/whistle-blowing\/#breadcrumb\"},\"inLanguage\":\"fr-FR\",\"potentialAction\":[{\"@type\":\"ReadAction\",\"target\":[\"https:\/\/smartcentre.joeyai.app\/whistle-blowing\/\"]}]},{\"@type\":\"BreadcrumbList\",\"@id\":\"https:\/\/smartcentre.joeyai.app\/whistle-blowing\/#breadcrumb\",\"itemListElement\":[{\"@type\":\"ListItem\",\"position\":1,\"name\":\"Home\",\"item\":\"https:\/\/smartcentre.joeyai.app\/\"},{\"@type\":\"ListItem\",\"position\":2,\"name\":\"Politique de d\u00e9nonciation\"}]},{\"@type\":\"WebSite\",\"@id\":\"https:\/\/smartcentre.joeyai.app\/#website\",\"url\":\"https:\/\/smartcentre.joeyai.app\/\",\"name\":\"Smart Centres\",\"description\":\"Real Estate Investment Trust\",\"potentialAction\":[{\"@type\":\"SearchAction\",\"target\":{\"@type\":\"EntryPoint\",\"urlTemplate\":\"https:\/\/smartcentre.joeyai.app\/?s={search_term_string}\"},\"query-input\":{\"@type\":\"PropertyValueSpecification\",\"valueRequired\":true,\"valueName\":\"search_term_string\"}}],\"inLanguage\":\"fr-FR\"}]}<\/script>\r\n<!-- \/ Yoast SEO plugin. -->","yoast_head_json":{"title":"Politique de d\u00e9nonciation - Smart Centres","robots":{"index":"index","follow":"follow","max-snippet":"max-snippet:-1","max-image-preview":"max-image-preview:large","max-video-preview":"max-video-preview:-1"},"canonical":"https:\/\/smartcentre.joeyai.app\/whistle-blowing\/","og_locale":"fr_FR","og_type":"article","og_title":"Politique de d\u00e9nonciation - Smart Centres","og_description":"La pr\u00e9sente politique fournit un moyen par lequel un plaignant peut, de bonne foi, signaler [&hellip;]","og_url":"https:\/\/smartcentre.joeyai.app\/whistle-blowing\/","og_site_name":"Smart Centres","article_modified_time":"2022-01-24T16:38:53+00:00","twitter_card":"summary_large_image","twitter_misc":{"Dur\u00e9e de lecture estim\u00e9e":"3 minutes"},"schema":{"@context":"https:\/\/schema.org","@graph":[{"@type":"WebPage","@id":"https:\/\/smartcentre.joeyai.app\/whistle-blowing\/","url":"https:\/\/smartcentre.joeyai.app\/whistle-blowing\/","name":"Politique de d\u00e9nonciation - Smart Centres","isPartOf":{"@id":"https:\/\/smartcentre.joeyai.app\/#website"},"datePublished":"2022-01-24T16:38:51+00:00","dateModified":"2022-01-24T16:38:53+00:00","breadcrumb":{"@id":"https:\/\/smartcentre.joeyai.app\/whistle-blowing\/#breadcrumb"},"inLanguage":"fr-FR","potentialAction":[{"@type":"ReadAction","target":["https:\/\/smartcentre.joeyai.app\/whistle-blowing\/"]}]},{"@type":"BreadcrumbList","@id":"https:\/\/smartcentre.joeyai.app\/whistle-blowing\/#breadcrumb","itemListElement":[{"@type":"ListItem","position":1,"name":"Home","item":"https:\/\/smartcentre.joeyai.app\/"},{"@type":"ListItem","position":2,"name":"Politique de d\u00e9nonciation"}]},{"@type":"WebSite","@id":"https:\/\/smartcentre.joeyai.app\/#website","url":"https:\/\/smartcentre.joeyai.app\/","name":"Smart Centres","description":"Real Estate Investment Trust","potentialAction":[{"@type":"SearchAction","target":{"@type":"EntryPoint","urlTemplate":"https:\/\/smartcentre.joeyai.app\/?s={search_term_string}"},"query-input":{"@type":"PropertyValueSpecification","valueRequired":true,"valueName":"search_term_string"}}],"inLanguage":"fr-FR"}]}},"_links":{"self":[{"href":"https:\/\/smartcentre.joeyai.app\/fr\/wp-json\/wp\/v2\/pages\/1768","targetHints":{"allow":["GET"]}}],"collection":[{"href":"https:\/\/smartcentre.joeyai.app\/fr\/wp-json\/wp\/v2\/pages"}],"about":[{"href":"https:\/\/smartcentre.joeyai.app\/fr\/wp-json\/wp\/v2\/types\/page"}],"author":[{"embeddable":true,"href":"https:\/\/smartcentre.joeyai.app\/fr\/wp-json\/wp\/v2\/users\/1"}],"replies":[{"embeddable":true,"href":"https:\/\/smartcentre.joeyai.app\/fr\/wp-json\/wp\/v2\/comments?post=1768"}],"version-history":[{"count":0,"href":"https:\/\/smartcentre.joeyai.app\/fr\/wp-json\/wp\/v2\/pages\/1768\/revisions"}],"wp:attachment":[{"href":"https:\/\/smartcentre.joeyai.app\/fr\/wp-json\/wp\/v2\/media?parent=1768"}],"curies":[{"name":"wp","href":"https:\/\/api.w.org\/{rel}","templated":true}]}}