{"id":17809,"date":"2022-05-06T15:20:35","date_gmt":"2022-05-06T19:20:35","guid":{"rendered":"https:\/\/smartcentre.joeyai.app\/?page_id=17809"},"modified":"2022-09-27T14:06:55","modified_gmt":"2022-09-27T18:06:55","slug":"terre","status":"publish","type":"page","link":"https:\/\/smartcentre.joeyai.app\/fr\/terre\/","title":{"rendered":"Terre"},"content":{"rendered":"\n<div class=\"container\">\n<h1 class=\"ultra mb-4 wp-block-heading\">PRIMED FOR<br>DEVELOPMENT<span class=\"dot\">.<\/span><\/h1>\n\n\n\n<div class=\"row\">\n<div class=\"col col-md-10 col-12\">\n<p>SmartCentres poss\u00e8de 3500\u00a0acres de terrain strat\u00e9giquement situ\u00e9es dans tout le pays, \u00e0 des intersections de premier plan reli\u00e9es au r\u00e9seau de transport en commun. Des parcelles s\u00e9lectionn\u00e9es, dont le zonage a \u00e9t\u00e9 \u00e9tabli pour une gamme d\u2019utilisations commerciales, industrielles, d\u2019emplois et r\u00e9sidentielles, sont \u00e0 vendre.<\/p>\n<\/div>\n<\/div>\n<\/div>\n\n\n\n<script type=\"text\/javascript\">\n  var ajaxURL = \"https:\/\/smartcentre.joeyai.app\/wp-admin\/admin-ajax.php\";\n<\/script>\n<script>\n  var loadJS = function(url,implementationCode,  location){\n      var scriptTag = document.createElement('script');\n      scriptTag.src = url;\n      scriptTag.onload = implementationCode;\n       scriptTag.onreadystatechange = implementationCode;\n      location.appendChild(scriptTag);\n  };\n\n  var yourCodeToBeCalled = function(){\n    loadJS('https:\/\/cdnjs.cloudflare.com\/ajax\/libs\/Turf.js\/6.5.0\/turf.min.js', hum, document.body);\n    loadJS('https:\/\/streetscapeplus.com\/js\/map\/streetscape-map.js', hum, document.body);\n      }\n  var hum = function(){\n\n  }\n  function loadMapFunctions(){\n    $(\".map-frame\").hover(function(){\n      $(this).addClass(\"hover\");\n    },function(){\n      $(this).removeClass(\"hover\");\n    })\n\n    $(\".map-frame\").click(function(){\n      $(this).addClass(\"active\");\n    })\n\n    var maximumSF = 100000;\n    function setSliderRange(min,max){\n      $( \"#sf_max\" ).html(max);\n      $(\"#sf_min\").html(min);\n      if(max == maximumSF) max = min =\"\";\n      $( \"#min_size_search\").val(min);\n      $( \"#max_size_search\").val(max);\n    }\n\n    $( \".slider-range\" ).slider({\n        range: true,\n        min: 0,\n        max:maximumSF,\n\t\t    step: 500,\n        values: [ 0,maximumSF ],\n        slide: function( event, ui ) {\n          setSliderRange(ui.values[0], ui.values[1]);\n        }\n    });\n      \/\/ $( \"#amount\" ).val( \"$\" + $( \"#slider-range\" ).slider( \"values\", 0 ) + \" - $\" + $( \"#slider-range\" ).slider( \"values\", 1 ) )\n\n    setSliderRange($( \"#slider-range\" ).slider(\"values\", 0), $( \"#slider-range\" ).slider(\"values\", 1));\n\n  }\n  $(function(){\n\n        $.ajax({\n      type : \"GET\",\n      dataType : \"text\",\n      url : ajaxURL,\n      data : {action: \"get_leasing_map\",atts:{\"title\":\"CURRENT LAND OPPORTUNITIES\",\"defaulttype\":\"land\"}, search:\"\", property_type:\"\", property_city:\"\", property_province:\"\", min_size_search:\"\", max_size_search:\"\", only_available:\"\", only_build_opportunity:\"\"},\n      success: function(response) {\n        $(\".load-map\").html(response);\n        loadJS('https:\/\/api.mapbox.com\/mapbox-gl-js\/v2.5.1\/mapbox-gl.js',yourCodeToBeCalled, document.body);\n        loadMapFunctions();\n                var clickCount=0\n        var mapboxInterval =  setInterval(function() {\n          if($(\"#js-map\").find('canvas').length>0){\n            $(\".search-btn\").trigger(\"click\");\n            clickCount++;\n            if(clickCount==2) clearInterval(mapboxInterval);\n          }\n        }, 2000);\n         \n              }\n    });\n  })\n\n\n\n<\/script>\n\n<div class=\"load-map\">\n    <div class=\"p-5 text-center\">\n        <img decoding=\"async\" src=\"https:\/\/smartcentre.joeyai.app\/wp-content\/themes\/smartcentres\/img\/loader.gif\" width=\"80\" alt=\"map loader\">\n    <\/div>\n<\/div>\n<link href='https:\/\/api.mapbox.com\/mapbox-gl-js\/v2.5.1\/mapbox-gl.css' rel='stylesheet'\/>\n","protected":false},"excerpt":{"rendered":"","protected":false},"author":1,"featured_media":0,"parent":0,"menu_order":0,"comment_status":"closed","ping_status":"closed","template":"templates\/template-land.php","meta":{"footnotes":""},"class_list":["post-17809","page","type-page","status-publish","hentry"],"yoast_head":"<!-- This site is optimized with the Yoast SEO plugin v25.0 - https:\/\/yoast.com\/wordpress\/plugins\/seo\/ -->\r\n<title>Terre - Smart Centres<\/title>\r\n<meta name=\"robots\" content=\"index, follow, max-snippet:-1, max-image-preview:large, max-video-preview:-1\" \/>\r\n<link rel=\"canonical\" href=\"https:\/\/smartcentre.joeyai.app\/land\/\" \/>\r\n<meta property=\"og:locale\" content=\"fr_FR\" \/>\r\n<meta property=\"og:type\" content=\"article\" \/>\r\n<meta property=\"og:title\" content=\"Terre - Smart Centres\" \/>\r\n<meta property=\"og:url\" content=\"https:\/\/smartcentre.joeyai.app\/land\/\" \/>\r\n<meta property=\"og:site_name\" content=\"Smart Centres\" \/>\r\n<meta property=\"article:modified_time\" content=\"2022-09-27T18:06:55+00:00\" \/>\r\n<meta name=\"twitter:card\" content=\"summary_large_image\" \/>\r\n<script type=\"application\/ld+json\" class=\"yoast-schema-graph\">{\"@context\":\"https:\/\/schema.org\",\"@graph\":[{\"@type\":\"WebPage\",\"@id\":\"https:\/\/smartcentre.joeyai.app\/land\/\",\"url\":\"https:\/\/smartcentre.joeyai.app\/land\/\",\"name\":\"Terre - Smart Centres\",\"isPartOf\":{\"@id\":\"https:\/\/smartcentre.joeyai.app\/#website\"},\"datePublished\":\"2022-05-06T19:20:35+00:00\",\"dateModified\":\"2022-09-27T18:06:55+00:00\",\"breadcrumb\":{\"@id\":\"https:\/\/smartcentre.joeyai.app\/land\/#breadcrumb\"},\"inLanguage\":\"fr-FR\",\"potentialAction\":[{\"@type\":\"ReadAction\",\"target\":[\"https:\/\/smartcentre.joeyai.app\/land\/\"]}]},{\"@type\":\"BreadcrumbList\",\"@id\":\"https:\/\/smartcentre.joeyai.app\/land\/#breadcrumb\",\"itemListElement\":[{\"@type\":\"ListItem\",\"position\":1,\"name\":\"Home\",\"item\":\"https:\/\/smartcentre.joeyai.app\/\"},{\"@type\":\"ListItem\",\"position\":2,\"name\":\"Terre\"}]},{\"@type\":\"WebSite\",\"@id\":\"https:\/\/smartcentre.joeyai.app\/#website\",\"url\":\"https:\/\/smartcentre.joeyai.app\/\",\"name\":\"Smart Centres\",\"description\":\"Real Estate Investment Trust\",\"potentialAction\":[{\"@type\":\"SearchAction\",\"target\":{\"@type\":\"EntryPoint\",\"urlTemplate\":\"https:\/\/smartcentre.joeyai.app\/?s={search_term_string}\"},\"query-input\":{\"@type\":\"PropertyValueSpecification\",\"valueRequired\":true,\"valueName\":\"search_term_string\"}}],\"inLanguage\":\"fr-FR\"}]}<\/script>\r\n<!-- \/ Yoast SEO plugin. -->","yoast_head_json":{"title":"Terre - Smart Centres","robots":{"index":"index","follow":"follow","max-snippet":"max-snippet:-1","max-image-preview":"max-image-preview:large","max-video-preview":"max-video-preview:-1"},"canonical":"https:\/\/smartcentre.joeyai.app\/land\/","og_locale":"fr_FR","og_type":"article","og_title":"Terre - Smart Centres","og_url":"https:\/\/smartcentre.joeyai.app\/land\/","og_site_name":"Smart Centres","article_modified_time":"2022-09-27T18:06:55+00:00","twitter_card":"summary_large_image","schema":{"@context":"https:\/\/schema.org","@graph":[{"@type":"WebPage","@id":"https:\/\/smartcentre.joeyai.app\/land\/","url":"https:\/\/smartcentre.joeyai.app\/land\/","name":"Terre - Smart Centres","isPartOf":{"@id":"https:\/\/smartcentre.joeyai.app\/#website"},"datePublished":"2022-05-06T19:20:35+00:00","dateModified":"2022-09-27T18:06:55+00:00","breadcrumb":{"@id":"https:\/\/smartcentre.joeyai.app\/land\/#breadcrumb"},"inLanguage":"fr-FR","potentialAction":[{"@type":"ReadAction","target":["https:\/\/smartcentre.joeyai.app\/land\/"]}]},{"@type":"BreadcrumbList","@id":"https:\/\/smartcentre.joeyai.app\/land\/#breadcrumb","itemListElement":[{"@type":"ListItem","position":1,"name":"Home","item":"https:\/\/smartcentre.joeyai.app\/"},{"@type":"ListItem","position":2,"name":"Terre"}]},{"@type":"WebSite","@id":"https:\/\/smartcentre.joeyai.app\/#website","url":"https:\/\/smartcentre.joeyai.app\/","name":"Smart Centres","description":"Real Estate Investment Trust","potentialAction":[{"@type":"SearchAction","target":{"@type":"EntryPoint","urlTemplate":"https:\/\/smartcentre.joeyai.app\/?s={search_term_string}"},"query-input":{"@type":"PropertyValueSpecification","valueRequired":true,"valueName":"search_term_string"}}],"inLanguage":"fr-FR"}]}},"_links":{"self":[{"href":"https:\/\/smartcentre.joeyai.app\/fr\/wp-json\/wp\/v2\/pages\/17809","targetHints":{"allow":["GET"]}}],"collection":[{"href":"https:\/\/smartcentre.joeyai.app\/fr\/wp-json\/wp\/v2\/pages"}],"about":[{"href":"https:\/\/smartcentre.joeyai.app\/fr\/wp-json\/wp\/v2\/types\/page"}],"author":[{"embeddable":true,"href":"https:\/\/smartcentre.joeyai.app\/fr\/wp-json\/wp\/v2\/users\/1"}],"replies":[{"embeddable":true,"href":"https:\/\/smartcentre.joeyai.app\/fr\/wp-json\/wp\/v2\/comments?post=17809"}],"version-history":[{"count":2,"href":"https:\/\/smartcentre.joeyai.app\/fr\/wp-json\/wp\/v2\/pages\/17809\/revisions"}],"predecessor-version":[{"id":18254,"href":"https:\/\/smartcentre.joeyai.app\/fr\/wp-json\/wp\/v2\/pages\/17809\/revisions\/18254"}],"wp:attachment":[{"href":"https:\/\/smartcentre.joeyai.app\/fr\/wp-json\/wp\/v2\/media?parent=17809"}],"curies":[{"name":"wp","href":"https:\/\/api.w.org\/{rel}","templated":true}]}}